{"id":247,"date":"2021-04-29T03:36:59","date_gmt":"2021-04-29T06:36:59","guid":{"rendered":"http:\/\/probatus.inf.br\/?page_id=247"},"modified":"2023-03-27T10:41:02","modified_gmt":"2023-03-27T13:41:02","slug":"expediente","status":"publish","type":"page","link":"http:\/\/probatus.inf.br\/?page_id=247","title":{"rendered":"Expediente"},"content":{"rendered":"\t\t<div data-elementor-type=\"wp-page\" data-elementor-id=\"247\" class=\"elementor elementor-247\">\n\t\t\t\t\t\t\t\t\t<section class=\"elementor-section elementor-top-section elementor-element elementor-element-7be2233 elementor-section-boxed elementor-section-height-default elementor-section-height-default\" data-id=\"7be2233\" data-element_type=\"section\">\n\t\t\t\t\t\t<div class=\"elementor-container elementor-column-gap-default\">\n\t\t\t\t\t<div class=\"elementor-column elementor-col-100 elementor-top-column elementor-element elementor-element-0e4f4a5\" data-id=\"0e4f4a5\" data-element_type=\"column\">\n\t\t\t<div class=\"elementor-widget-wrap elementor-element-populated\">\n\t\t\t\t\t\t\t\t<div class=\"elementor-element elementor-element-06ad78b elementor-widget elementor-widget-text-editor\" data-id=\"06ad78b\" data-element_type=\"widget\" data-widget_type=\"text-editor.default\">\n\t\t\t\t<div class=\"elementor-widget-container\">\n\t\t\t<style>\/*! elementor - v3.8.1 - 13-11-2022 *\/\n.elementor-widget-text-editor.elementor-drop-cap-view-stacked .elementor-drop-cap{background-color:#818a91;color:#fff}.elementor-widget-text-editor.elementor-drop-cap-view-framed .elementor-drop-cap{color:#818a91;border:3px solid;background-color:transparent}.elementor-widget-text-editor:not(.elementor-drop-cap-view-default) .elementor-drop-cap{margin-top:8px}.elementor-widget-text-editor:not(.elementor-drop-cap-view-default) .elementor-drop-cap-letter{width:1em;height:1em}.elementor-widget-text-editor .elementor-drop-cap{float:left;text-align:center;line-height:1;font-size:50px}.elementor-widget-text-editor .elementor-drop-cap-letter{display:inline-block}<\/style>\t\t\t\t<h4 style=\"text-align: center;\">Sobre a <strong style=\"\"><em style=\"text-decoration-line: underline;\">Revista online<\/em><u> PROBATUS.INF.BR<\/u>&nbsp; &nbsp;ISSN&nbsp; 2965-0070<\/strong><\/h4>\n<h4 style=\"text-align: center;\">Periodicidade da publica\u00e7\u00e3o:&nbsp; &nbsp;bimestral&nbsp;<\/h4>\n<h4 style=\"text-align: center;\">Uma contribui\u00e7\u00e3o da PROBATUS\u00ae Consultoria Ltda (www.probatus.com.br ) para disseminar sabedoria e conhecimento a fim de inspirar decis\u00f5es para o sucesso pessoal e empresarial.<\/h4>\t\t\t\t\t\t<\/div>\n\t\t\t\t<\/div>\n\t\t\t\t\t<\/div>\n\t\t<\/div>\n\t\t\t\t\t\t\t<\/div>\n\t\t<\/section>\n\t\t\t\t<section class=\"elementor-section elementor-top-section elementor-element elementor-element-4a52bd6 elementor-section-boxed elementor-section-height-default elementor-section-height-default\" data-id=\"4a52bd6\" data-element_type=\"section\">\n\t\t\t\t\t\t<div class=\"elementor-container elementor-column-gap-default\">\n\t\t\t\t\t<div class=\"elementor-column elementor-col-100 elementor-top-column elementor-element elementor-element-c4974ef\" data-id=\"c4974ef\" data-element_type=\"column\">\n\t\t\t<div class=\"elementor-widget-wrap elementor-element-populated\">\n\t\t\t\t\t\t\t\t<div class=\"elementor-element elementor-element-eb93cf6 elementor-widget elementor-widget-text-editor\" data-id=\"eb93cf6\" data-element_type=\"widget\" data-widget_type=\"text-editor.default\">\n\t\t\t\t<div class=\"elementor-widget-container\">\n\t\t\t\t\t\t\t<hr \/><h4 style=\"text-align: center;\">CORPO EDITORIAL 2023<\/h4>\t\t\t\t\t\t<\/div>\n\t\t\t\t<\/div>\n\t\t\t\t\t<\/div>\n\t\t<\/div>\n\t\t\t\t\t\t\t<\/div>\n\t\t<\/section>\n\t\t\t\t<section class=\"elementor-section elementor-top-section elementor-element elementor-element-29d56ba elementor-section-boxed elementor-section-height-default elementor-section-height-default\" data-id=\"29d56ba\" data-element_type=\"section\">\n\t\t\t\t\t\t<div class=\"elementor-container elementor-column-gap-default\">\n\t\t\t\t\t<div class=\"elementor-column elementor-col-100 elementor-top-column elementor-element elementor-element-c17dcc6\" data-id=\"c17dcc6\" data-element_type=\"column\">\n\t\t\t<div class=\"elementor-widget-wrap elementor-element-populated\">\n\t\t\t\t\t\t\t\t<div class=\"elementor-element elementor-element-1ff4d64 elementor-widget elementor-widget-image\" data-id=\"1ff4d64\" data-element_type=\"widget\" data-widget_type=\"image.default\">\n\t\t\t\t<div class=\"elementor-widget-container\">\n\t\t\t<style>\/*! elementor - v3.8.1 - 13-11-2022 *\/\n.elementor-widget-image{text-align:center}.elementor-widget-image a{display:inline-block}.elementor-widget-image a img[src$=\".svg\"]{width:48px}.elementor-widget-image img{vertical-align:middle;display:inline-block}<\/style>\t\t\t\t\t\t\t\t\t\t\t\t<img loading=\"lazy\" decoding=\"async\" width=\"680\" height=\"756\" src=\"http:\/\/probatus.inf.br\/wp-content\/uploads\/2023\/03\/Capturar_Conselho-Editorial_PIBr_2023.jpg\" class=\"attachment-large size-large\" alt=\"\" srcset=\"http:\/\/probatus.inf.br\/wp-content\/uploads\/2023\/03\/Capturar_Conselho-Editorial_PIBr_2023.jpg 680w, http:\/\/probatus.inf.br\/wp-content\/uploads\/2023\/03\/Capturar_Conselho-Editorial_PIBr_2023-270x300.jpg 270w, http:\/\/probatus.inf.br\/wp-content\/uploads\/2023\/03\/Capturar_Conselho-Editorial_PIBr_2023-230x256.jpg 230w, http:\/\/probatus.inf.br\/wp-content\/uploads\/2023\/03\/Capturar_Conselho-Editorial_PIBr_2023-350x389.jpg 350w, http:\/\/probatus.inf.br\/wp-content\/uploads\/2023\/03\/Capturar_Conselho-Editorial_PIBr_2023-480x534.jpg 480w\" sizes=\"auto, (max-width: 680px) 100vw, 680px\" \/>\t\t\t\t\t\t\t\t\t\t\t\t\t\t\t<\/div>\n\t\t\t\t<\/div>\n\t\t\t\t\t<\/div>\n\t\t<\/div>\n\t\t\t\t\t\t\t<\/div>\n\t\t<\/section>\n\t\t\t\t<section class=\"elementor-section elementor-top-section elementor-element elementor-element-ac4261b elementor-section-boxed elementor-section-height-default elementor-section-height-default\" data-id=\"ac4261b\" data-element_type=\"section\">\n\t\t\t\t\t\t<div class=\"elementor-container elementor-column-gap-default\">\n\t\t\t\t\t<div class=\"elementor-column elementor-col-100 elementor-top-column elementor-element elementor-element-ad27d67\" data-id=\"ad27d67\" data-element_type=\"column\">\n\t\t\t<div class=\"elementor-widget-wrap elementor-element-populated\">\n\t\t\t\t\t\t\t\t<div class=\"elementor-element elementor-element-01a6f30 elementor-widget elementor-widget-text-editor\" data-id=\"01a6f30\" data-element_type=\"widget\" data-widget_type=\"text-editor.default\">\n\t\t\t\t<div class=\"elementor-widget-container\">\n\t\t\t\t\t\t\t<p class=\"MsoNormal\"><b><u><span style=\"font-size: 12.0pt; font-family: 'Arial',sans-serif;\">Observa\u00e7\u00e3o:<\/span><\/u><\/b><\/p><p class=\"TNR12-Artigos\">Todos os membros do Conselho Editorial n\u00e3o recebem nenhum tipo de remunera\u00e7\u00e3o, pois concordam com o objetivo e a linha editorial da revista e apreciam a possibilidade da revista vir a publicar textos de sua autoria. Ao n\u00e3o existir nenhuma subordina\u00e7\u00e3o ou gratifica\u00e7\u00e3o financeira, nada pode comprometer a independ\u00eancia e a objetividade nas suas atribui\u00e7\u00f5es no Conselho Editorial da Revista online PROBATUS.INF.BR, que \u00e9 disponibilizada online e gratuitamente.<\/p>\t\t\t\t\t\t<\/div>\n\t\t\t\t<\/div>\n\t\t\t\t\t<\/div>\n\t\t<\/div>\n\t\t\t\t\t\t\t<\/div>\n\t\t<\/section>\n\t\t\t\t<section class=\"elementor-section elementor-top-section elementor-element elementor-element-c2e64fd elementor-section-boxed elementor-section-height-default elementor-section-height-default\" data-id=\"c2e64fd\" data-element_type=\"section\">\n\t\t\t\t\t\t<div class=\"elementor-container elementor-column-gap-default\">\n\t\t\t\t\t<div class=\"elementor-column elementor-col-100 elementor-top-column elementor-element elementor-element-9db64e5\" data-id=\"9db64e5\" data-element_type=\"column\">\n\t\t\t<div class=\"elementor-widget-wrap elementor-element-populated\">\n\t\t\t\t\t\t\t\t<div class=\"elementor-element elementor-element-9bf8cd1 elementor-widget elementor-widget-text-editor\" data-id=\"9bf8cd1\" data-element_type=\"widget\" data-widget_type=\"text-editor.default\">\n\t\t\t\t<div class=\"elementor-widget-container\">\n\t\t\t\t\t\t\t<hr \/><h4 style=\"text-align: center;\"><span style=\"text-decoration: underline;\"><strong>Dados do Autor Corporativo<\/strong><\/span><\/h4><p>PROBATUS Consultoria Ltda.<br \/>Av. Nossa Sra. Copacabana 1059 \/ sala 902 22060-001 Copacabana &#8211; Rio de Janeiro &#8211; RJ<br \/>Tel.: +(21) 25225815<br \/>consulta@probatus.com.br<\/p><p>Links para as redes sociais no rodap\u00e9 deste site.<\/p>\t\t\t\t\t\t<\/div>\n\t\t\t\t<\/div>\n\t\t\t\t\t<\/div>\n\t\t<\/div>\n\t\t\t\t\t\t\t<\/div>\n\t\t<\/section>\n\t\t\t\t\t\t\t<\/div>\n\t\t","protected":false},"excerpt":{"rendered":"<p>Sobre a Revista online PROBATUS.INF.BR&nbsp; &nbsp;ISSN&nbsp; 2965-0070 Periodicidade da publica\u00e7\u00e3o:&nbsp; &nbsp;bimestral&nbsp; Uma contribui\u00e7\u00e3o da PROBATUS\u00ae Consultoria Ltda (www.probatus.com.br ) para disseminar sabedoria e conhecimento a fim de inspirar decis\u00f5es para o sucesso pessoal e empresarial. CORPO EDITORIAL 2023 Observa\u00e7\u00e3o: Todos os membros do Conselho Editorial n\u00e3o recebem nenhum tipo de remunera\u00e7\u00e3o, pois concordam com o &hellip;<\/p>\n<p class=\"read-more\"> <a class=\"\" href=\"http:\/\/probatus.inf.br\/?page_id=247\"> <span class=\"screen-reader-text\">Expediente<\/span> Leia mais &raquo;<\/a><\/p>\n","protected":false},"author":1,"featured_media":0,"parent":0,"menu_order":0,"comment_status":"closed","ping_status":"closed","template":"","meta":{"site-sidebar-layout":"no-sidebar","site-content-layout":"page-builder","ast-global-header-display":"","ast-banner-title-visibility":"","ast-main-header-display":"","ast-hfb-above-header-display":"","ast-hfb-below-header-display":"","ast-hfb-mobile-header-display":"","site-post-title":"disabled","ast-breadcrumbs-content":"","ast-featured-img":"disabled","footer-sml-layout":"","theme-transparent-header-meta":"enabled","adv-header-id-meta":"","stick-header-meta":"","header-above-stick-meta":"","header-main-stick-meta":"","header-below-stick-meta":"","footnotes":""},"class_list":["post-247","page","type-page","status-publish","hentry"],"_links":{"self":[{"href":"http:\/\/probatus.inf.br\/index.php?rest_route=\/wp\/v2\/pages\/247","targetHints":{"allow":["GET"]}}],"collection":[{"href":"http:\/\/probatus.inf.br\/index.php?rest_route=\/wp\/v2\/pages"}],"about":[{"href":"http:\/\/probatus.inf.br\/index.php?rest_route=\/wp\/v2\/types\/page"}],"author":[{"embeddable":true,"href":"http:\/\/probatus.inf.br\/index.php?rest_route=\/wp\/v2\/users\/1"}],"replies":[{"embeddable":true,"href":"http:\/\/probatus.inf.br\/index.php?rest_route=%2Fwp%2Fv2%2Fcomments&post=247"}],"version-history":[{"count":36,"href":"http:\/\/probatus.inf.br\/index.php?rest_route=\/wp\/v2\/pages\/247\/revisions"}],"predecessor-version":[{"id":1566,"href":"http:\/\/probatus.inf.br\/index.php?rest_route=\/wp\/v2\/pages\/247\/revisions\/1566"}],"wp:attachment":[{"href":"http:\/\/probatus.inf.br\/index.php?rest_route=%2Fwp%2Fv2%2Fmedia&parent=247"}],"curies":[{"name":"wp","href":"https:\/\/api.w.org\/{rel}","templated":true}]}}