{"id":1531,"date":"2023-03-27T10:13:22","date_gmt":"2023-03-27T13:13:22","guid":{"rendered":"http:\/\/probatus.inf.br\/?page_id=1531"},"modified":"2023-09-07T22:27:09","modified_gmt":"2023-09-08T01:27:09","slug":"2023-2","status":"publish","type":"page","link":"http:\/\/probatus.inf.br\/?page_id=1531","title":{"rendered":"2023"},"content":{"rendered":"\t\t<div data-elementor-type=\"wp-page\" data-elementor-id=\"1531\" class=\"elementor elementor-1531\">\n\t\t\t\t\t\t\t\t\t<section class=\"elementor-section elementor-top-section elementor-element elementor-element-7dbdfdb elementor-section-boxed elementor-section-height-default elementor-section-height-default\" data-id=\"7dbdfdb\" data-element_type=\"section\">\n\t\t\t\t\t\t<div class=\"elementor-container elementor-column-gap-default\">\n\t\t\t\t\t<div class=\"elementor-column elementor-col-50 elementor-top-column elementor-element elementor-element-8dcd838\" data-id=\"8dcd838\" data-element_type=\"column\">\n\t\t\t<div class=\"elementor-widget-wrap elementor-element-populated\">\n\t\t\t\t\t\t\t\t<div class=\"elementor-element elementor-element-3fd91b9 elementor-widget elementor-widget-button\" data-id=\"3fd91b9\" data-element_type=\"widget\" data-widget_type=\"button.default\">\n\t\t\t\t<div class=\"elementor-widget-container\">\n\t\t\t\t\t<div class=\"elementor-button-wrapper\">\n\t\t\t<a href=\"http:\/\/probatus.inf.br\/rev_pibr\/2023\/Revista_online_PROBATUS.INF.BR_v.2_n.3_jan-fev_2023.pdf\" target=\"_blank\" class=\"elementor-button-link elementor-button elementor-size-sm\" role=\"button\">\n\t\t\t\t\t\t<span class=\"elementor-button-content-wrapper\">\n\t\t\t\t\t\t\t<span class=\"elementor-button-icon elementor-align-icon-left\">\n\t\t\t\t<i aria-hidden=\"true\" class=\"fas fa-file-download\"><\/i>\t\t\t<\/span>\n\t\t\t\t\t\t<span class=\"elementor-button-text\">Download da edi\u00e7\u00e3o jan.\/fev. 2023<\/span>\n\t\t<\/span>\n\t\t\t\t\t<\/a>\n\t\t<\/div>\n\t\t\t\t<\/div>\n\t\t\t\t<\/div>\n\t\t\t\t\t<\/div>\n\t\t<\/div>\n\t\t\t\t<div class=\"elementor-column elementor-col-50 elementor-top-column elementor-element elementor-element-3a48f31\" data-id=\"3a48f31\" data-element_type=\"column\">\n\t\t\t<div class=\"elementor-widget-wrap elementor-element-populated\">\n\t\t\t\t\t\t\t\t<div class=\"elementor-element elementor-element-ff1009f elementor-widget elementor-widget-text-editor\" data-id=\"ff1009f\" data-element_type=\"widget\" data-widget_type=\"text-editor.default\">\n\t\t\t\t<div class=\"elementor-widget-container\">\n\t\t\t<style>\/*! elementor - v3.8.1 - 13-11-2022 *\/\n.elementor-widget-text-editor.elementor-drop-cap-view-stacked .elementor-drop-cap{background-color:#818a91;color:#fff}.elementor-widget-text-editor.elementor-drop-cap-view-framed .elementor-drop-cap{color:#818a91;border:3px solid;background-color:transparent}.elementor-widget-text-editor:not(.elementor-drop-cap-view-default) .elementor-drop-cap{margin-top:8px}.elementor-widget-text-editor:not(.elementor-drop-cap-view-default) .elementor-drop-cap-letter{width:1em;height:1em}.elementor-widget-text-editor .elementor-drop-cap{float:left;text-align:center;line-height:1;font-size:50px}.elementor-widget-text-editor .elementor-drop-cap-letter{display:inline-block}<\/style>\t\t\t\t<h5 style=\"font-style: normal;\"><em>Revista online PROBATUS.INF.BR, v.2, n.3, jan.\/fev. 2023. ISSN 2965-0070<\/em><\/h5>\t\t\t\t\t\t<\/div>\n\t\t\t\t<\/div>\n\t\t\t\t\t<\/div>\n\t\t<\/div>\n\t\t\t\t\t\t\t<\/div>\n\t\t<\/section>\n\t\t\t\t<section class=\"elementor-section elementor-top-section elementor-element elementor-element-2c28dbc elementor-section-boxed elementor-section-height-default elementor-section-height-default\" data-id=\"2c28dbc\" data-element_type=\"section\">\n\t\t\t\t\t\t<div class=\"elementor-container elementor-column-gap-default\">\n\t\t\t\t\t<div class=\"elementor-column elementor-col-50 elementor-top-column elementor-element elementor-element-2efc6a3\" data-id=\"2efc6a3\" data-element_type=\"column\">\n\t\t\t<div class=\"elementor-widget-wrap elementor-element-populated\">\n\t\t\t\t\t\t\t\t<div class=\"elementor-element elementor-element-216e4a4 elementor-widget elementor-widget-image\" data-id=\"216e4a4\" data-element_type=\"widget\" data-widget_type=\"image.default\">\n\t\t\t\t<div class=\"elementor-widget-container\">\n\t\t\t<style>\/*! elementor - v3.8.1 - 13-11-2022 *\/\n.elementor-widget-image{text-align:center}.elementor-widget-image a{display:inline-block}.elementor-widget-image a img[src$=\".svg\"]{width:48px}.elementor-widget-image img{vertical-align:middle;display:inline-block}<\/style>\t\t\t\t\t\t\t\t\t\t\t\t<img loading=\"lazy\" decoding=\"async\" width=\"552\" height=\"876\" src=\"http:\/\/probatus.inf.br\/wp-content\/uploads\/2023\/03\/Capa_PIBr_v2_n3_2023_Screen-Shot-03-26-23-at-10.22-PM.png\" class=\"attachment-large size-large\" alt=\"\" srcset=\"http:\/\/probatus.inf.br\/wp-content\/uploads\/2023\/03\/Capa_PIBr_v2_n3_2023_Screen-Shot-03-26-23-at-10.22-PM.png 552w, http:\/\/probatus.inf.br\/wp-content\/uploads\/2023\/03\/Capa_PIBr_v2_n3_2023_Screen-Shot-03-26-23-at-10.22-PM-189x300.png 189w, http:\/\/probatus.inf.br\/wp-content\/uploads\/2023\/03\/Capa_PIBr_v2_n3_2023_Screen-Shot-03-26-23-at-10.22-PM-230x365.png 230w, http:\/\/probatus.inf.br\/wp-content\/uploads\/2023\/03\/Capa_PIBr_v2_n3_2023_Screen-Shot-03-26-23-at-10.22-PM-350x555.png 350w, http:\/\/probatus.inf.br\/wp-content\/uploads\/2023\/03\/Capa_PIBr_v2_n3_2023_Screen-Shot-03-26-23-at-10.22-PM-480x762.png 480w\" sizes=\"auto, (max-width: 552px) 100vw, 552px\" \/>\t\t\t\t\t\t\t\t\t\t\t\t\t\t\t<\/div>\n\t\t\t\t<\/div>\n\t\t\t\t\t<\/div>\n\t\t<\/div>\n\t\t\t\t<div class=\"elementor-column elementor-col-50 elementor-top-column elementor-element elementor-element-a13a1f5\" data-id=\"a13a1f5\" data-element_type=\"column\">\n\t\t\t<div class=\"elementor-widget-wrap elementor-element-populated\">\n\t\t\t\t\t\t\t\t<div class=\"elementor-element elementor-element-ee8412d elementor-widget elementor-widget-text-editor\" data-id=\"ee8412d\" data-element_type=\"widget\" data-widget_type=\"text-editor.default\">\n\t\t\t\t<div class=\"elementor-widget-container\">\n\t\t\t\t\t\t\t<p style=\"text-align: center;\"><em><span style=\"text-decoration: underline;\"><strong>EDITORIAL<br \/><\/strong><\/span><strong>COMENT\u00c1RIOS DESTE TERCEIRO N\u00daMERO POR MARCELO HENRIQUES DE BRITO<\/strong><span style=\"text-decoration: underline;\"><strong><br \/>SE\u00c7\u00c3O: CUIDE DOS SEUS OR\u00c7AMENTOS, DE SEUS INVESTIMENTOS E DE SUAS EMPRESAS<br \/><\/strong><\/span><strong>CUIDE DE SUAS <\/strong><strong>FINAN\u00c7AS \u2013 PARTE 3<\/strong><span style=\"text-decoration: underline;\"><strong><br \/>SE\u00c7\u00c3O: COMUNIQUE E COMPARTILHE CONHECIMENTO, H\u00c1BITOS E INFORMA\u00c7\u00d5ES<br \/><\/strong><\/span><strong>AOS ESTUDANTES E PROFESSORES, COM CARINHO<\/strong><span style=\"text-decoration: underline;\"><strong><br \/>SE\u00c7\u00c3O: INOVE PARA EMPREENDER<br \/><\/strong><\/span><strong>AVAN\u00c7OS DAS TECNOLOGIAS E DA INTELIG\u00caNCIA ARTIFICIAL &#8211; UM FUTURO SOMBRIO PARA A HUMANIDADE? <\/strong><strong><br \/><\/strong><strong>O TRI\u00c2NGULO \u201cESTUDAR-PESQUISAR-ENSINAR\u201d (EPE) PARA A GEST\u00c3O DO CONHECIMENTO<\/strong><span style=\"text-decoration: underline;\"><strong><br \/>SE\u00c7\u00c3O: RELACIONE-SE BEM EM UM MUNDO COM DIVERSIDADE<br \/><\/strong><\/span><strong>CASAMENTO INTERCULTURAL<\/strong><span style=\"text-decoration: underline;\"><strong><br \/>SE\u00c7\u00c3O: SEJA BEM-SUCEDIDO COMO EMPRES\u00c1RIO, EXECUTIVO E COLABORADOR<br \/><\/strong><\/span><strong>A LOG\u00cdSTICA INTERCONECTADA <\/strong><strong><br \/><\/strong><strong>ROTARY PROMOVE FELICIDADE<\/strong><span style=\"text-decoration: underline;\"><strong><br \/>SE\u00c7\u00c3O: VEJA IMAGENS QUE ESCLARECEM MAIS DO QUE PALAVRAS E TEXTOS<br \/><\/strong><\/span><strong>QUADROS &amp; GR\u00c1FICO PARA SELECIONAR CLASSES DE ATIVOS \u2013 TABLES &amp; CHART FOR ASSET CLASS SELECTION<\/strong><span style=\"text-decoration: underline;\"><strong><br \/>SE\u00c7\u00c3O: INSPIRE-SE COM SUGEST\u00d5ES EM RESENHAS PARA LER LIVROS E VER FILMES<br \/><\/strong><\/span><strong>O PODER DO H\u00c1BITO (\u201cTHE POWER OF HABIT\u201d) DE CHARLES DUHIGG<\/strong><span style=\"text-decoration: underline;\"><strong><br \/>SOBRE O OBJETIVO DA REVISTA PROBATUS.INF.BR E SUA LINHA EDITORIAL<\/strong><\/span><strong><br \/><\/strong><\/em><\/p>\t\t\t\t\t\t<\/div>\n\t\t\t\t<\/div>\n\t\t\t\t\t<\/div>\n\t\t<\/div>\n\t\t\t\t\t\t\t<\/div>\n\t\t<\/section>\n\t\t\t\t<section class=\"elementor-section elementor-top-section elementor-element elementor-element-29d75bc elementor-section-boxed elementor-section-height-default elementor-section-height-default\" data-id=\"29d75bc\" data-element_type=\"section\">\n\t\t\t\t\t\t<div class=\"elementor-container elementor-column-gap-default\">\n\t\t\t\t\t<div class=\"elementor-column elementor-col-50 elementor-top-column elementor-element elementor-element-2ac6bd6\" data-id=\"2ac6bd6\" data-element_type=\"column\">\n\t\t\t<div class=\"elementor-widget-wrap elementor-element-populated\">\n\t\t\t\t\t\t\t\t<div class=\"elementor-element elementor-element-4c384f7 elementor-widget elementor-widget-button\" data-id=\"4c384f7\" data-element_type=\"widget\" data-widget_type=\"button.default\">\n\t\t\t\t<div class=\"elementor-widget-container\">\n\t\t\t\t\t<div class=\"elementor-button-wrapper\">\n\t\t\t<a href=\"http:\/\/probatus.inf.br\/rev_pibr\/2023\/Revista_online_PROBATUS.INF.BR_v.2_n.4_mar-abr_2023.pdf\" target=\"_blank\" class=\"elementor-button-link elementor-button elementor-size-sm\" role=\"button\">\n\t\t\t\t\t\t<span class=\"elementor-button-content-wrapper\">\n\t\t\t\t\t\t\t<span class=\"elementor-button-icon elementor-align-icon-left\">\n\t\t\t\t<i aria-hidden=\"true\" class=\"fas fa-file-download\"><\/i>\t\t\t<\/span>\n\t\t\t\t\t\t<span class=\"elementor-button-text\">Download da edi\u00e7\u00e3o mar.\/abr. 2023<\/span>\n\t\t<\/span>\n\t\t\t\t\t<\/a>\n\t\t<\/div>\n\t\t\t\t<\/div>\n\t\t\t\t<\/div>\n\t\t\t\t\t<\/div>\n\t\t<\/div>\n\t\t\t\t<div class=\"elementor-column elementor-col-50 elementor-top-column elementor-element elementor-element-5541193\" data-id=\"5541193\" data-element_type=\"column\">\n\t\t\t<div class=\"elementor-widget-wrap elementor-element-populated\">\n\t\t\t\t\t\t\t\t<div class=\"elementor-element elementor-element-025d116 elementor-widget elementor-widget-text-editor\" data-id=\"025d116\" data-element_type=\"widget\" data-widget_type=\"text-editor.default\">\n\t\t\t\t<div class=\"elementor-widget-container\">\n\t\t\t\t\t\t\t<h5><em><strong>Revista online PROBATUS.INF.BR, v.2, n.4, mar.\/abr. 2023. ISSN 2965-0070<\/strong><\/em><\/h5>\t\t\t\t\t\t<\/div>\n\t\t\t\t<\/div>\n\t\t\t\t\t<\/div>\n\t\t<\/div>\n\t\t\t\t\t\t\t<\/div>\n\t\t<\/section>\n\t\t\t\t<section class=\"elementor-section elementor-top-section elementor-element elementor-element-9443609 elementor-section-boxed elementor-section-height-default elementor-section-height-default\" data-id=\"9443609\" data-element_type=\"section\">\n\t\t\t\t\t\t<div class=\"elementor-container elementor-column-gap-default\">\n\t\t\t\t\t<div class=\"elementor-column elementor-col-50 elementor-top-column elementor-element elementor-element-9c54d8f\" data-id=\"9c54d8f\" data-element_type=\"column\">\n\t\t\t<div class=\"elementor-widget-wrap elementor-element-populated\">\n\t\t\t\t\t\t\t\t<div class=\"elementor-element elementor-element-a5b3955 elementor-widget elementor-widget-image\" data-id=\"a5b3955\" data-element_type=\"widget\" data-widget_type=\"image.default\">\n\t\t\t\t<div class=\"elementor-widget-container\">\n\t\t\t\t\t\t\t\t\t\t\t\t\t\t\t<img loading=\"lazy\" decoding=\"async\" width=\"472\" height=\"748\" src=\"http:\/\/probatus.inf.br\/wp-content\/uploads\/2023\/06\/Capturar_Sumario_numero-4.jpg\" class=\"attachment-large size-large\" alt=\"\" srcset=\"http:\/\/probatus.inf.br\/wp-content\/uploads\/2023\/06\/Capturar_Sumario_numero-4.jpg 472w, http:\/\/probatus.inf.br\/wp-content\/uploads\/2023\/06\/Capturar_Sumario_numero-4-189x300.jpg 189w\" sizes=\"auto, (max-width: 472px) 100vw, 472px\" \/>\t\t\t\t\t\t\t\t\t\t\t\t\t\t\t<\/div>\n\t\t\t\t<\/div>\n\t\t\t\t\t<\/div>\n\t\t<\/div>\n\t\t\t\t<div class=\"elementor-column elementor-col-50 elementor-top-column elementor-element elementor-element-86768b7\" data-id=\"86768b7\" data-element_type=\"column\">\n\t\t\t<div class=\"elementor-widget-wrap elementor-element-populated\">\n\t\t\t\t\t\t\t\t<div class=\"elementor-element elementor-element-03a3544 elementor-widget elementor-widget-text-editor\" data-id=\"03a3544\" data-element_type=\"widget\" data-widget_type=\"text-editor.default\">\n\t\t\t\t<div class=\"elementor-widget-container\">\n\t\t\t\t\t\t\t<p style=\"text-align: center;\"><em><strong><u>EDITORIAL<\/u><br \/>COMENT\u00c1RIOS DESTA QUARTA EDI\u00c7\u00c3O POR MARCELO HENRIQUES DE BRITO<br \/><u>SE\u00c7\u00c3O: CUIDE DOS SEUS OR\u00c7AMENTOS, DE SEUS INVESTIMENTOS E DE SUAS EMPRESAS<\/u><br \/>CUIDE DE SUAS FINAN\u00c7AS \u2013 PARTE 4<br \/>UMA MOTIVA\u00c7\u00c3O PARA CONHECER E APRECIAR O MUNDO DOS INVESTIMENTOS<br \/><u>SE\u00c7\u00c3O: COMUNIQUE E COMPARTILHE CONHECIMENTO, H\u00c1BITOS E INFORMA\u00c7\u00d5ES<\/u><br \/>EDUCA\u00c7\u00c3O \u00c0 DIST\u00c2NCIA COMPLEMENTA A EDUCA\u00c7\u00c3O PRESENCIAL<br \/>O QUE OS BUSCADORES DA WEB APRENDERAM COM \u00c0S MILENARES BIBLIOTECAS?<br \/><u>SE\u00c7\u00c3O: INOVE PARA EMPREENDER<\/u><br \/>C\u00c9REBRO ESPELHADO EM UMA AI \u2013 UMA IMPOSSIBILIDADE MATEM\u00c1TICA?<br \/>IDEIAS EM EXPANS\u00c3O<br \/><u>SE\u00c7\u00c3O: RELACIONE-SE BEM EM UM MUNDO COM DIVERSIDADE<\/u><br \/>SAINDO DA MATRIX &#8211; ENTRE O REAL E O VIRTUAL<br \/><u>SE\u00c7\u00c3O: SEJA BEM-SUCEDIDO COMO EMPRES\u00c1RIO, EXECUTIVO E COLABORADOR<\/u><br \/>OR\u00c7AMENTOS PESSOAIS VERSUS EMPRESARIAIS<br \/>CHIP SEMICONDUTOR \u2013 O PETR\u00d3LEO NA ERA DA AUTOMA\u00c7\u00c3O<br \/><u>SE\u00c7\u00c3O: VEJA IMAGENS QUE ESCLARECEM MAIS DO QUE PALAVRAS E TEXTOS<\/u><br \/>ENTRELA\u00c7AMENTOS E QUALIDADE DOS DEMONSTRATIVOS FINANCEIROS<br \/><u>SE\u00c7\u00c3O: INSPIRE-SE COM SUGEST\u00d5ES EM RESENHAS PARA LER LIVROS E VER FILMES<\/u><br \/>A PSICOLOGIA FINANCEIRA (\u201cTHE PSYCHOLOGY OF MONEY\u201d) DE MORGAN HOUSEL<br \/>FAM\u00cdLIA GUINLE: FILME E LIVRO RELATAM SOBRE GEST\u00c3O PATRIMONIAL FAMILIAR E FINAN\u00c7AS PESSOAIS<br \/><u>SOBRE O OBJETIVO DA REVISTA PROBATUS.INF.BR E SUA LINHA EDITORIAL<\/u><br \/><\/strong><\/em><\/p>\t\t\t\t\t\t<\/div>\n\t\t\t\t<\/div>\n\t\t\t\t\t<\/div>\n\t\t<\/div>\n\t\t\t\t\t\t\t<\/div>\n\t\t<\/section>\n\t\t\t\t<section class=\"elementor-section elementor-top-section elementor-element elementor-element-b49899c elementor-section-boxed elementor-section-height-default elementor-section-height-default\" data-id=\"b49899c\" data-element_type=\"section\">\n\t\t\t\t\t\t<div class=\"elementor-container elementor-column-gap-default\">\n\t\t\t\t\t<div class=\"elementor-column elementor-col-50 elementor-top-column elementor-element elementor-element-fcecd60\" data-id=\"fcecd60\" data-element_type=\"column\">\n\t\t\t<div class=\"elementor-widget-wrap elementor-element-populated\">\n\t\t\t\t\t\t\t\t<div class=\"elementor-element elementor-element-70d4327 elementor-widget elementor-widget-button\" data-id=\"70d4327\" data-element_type=\"widget\" data-widget_type=\"button.default\">\n\t\t\t\t<div class=\"elementor-widget-container\">\n\t\t\t\t\t<div class=\"elementor-button-wrapper\">\n\t\t\t<a href=\"http:\/\/probatus.inf.br\/rev_pibr\/2023\/Revista_online_PROBATUS.INF.BR_v.2_n.5_mai-jun_2023.pdf\" target=\"_blank\" class=\"elementor-button-link elementor-button elementor-size-sm\" role=\"button\">\n\t\t\t\t\t\t<span class=\"elementor-button-content-wrapper\">\n\t\t\t\t\t\t\t<span class=\"elementor-button-icon elementor-align-icon-left\">\n\t\t\t\t<i aria-hidden=\"true\" class=\"fas fa-file-download\"><\/i>\t\t\t<\/span>\n\t\t\t\t\t\t<span class=\"elementor-button-text\">Download da edi\u00e7\u00e3o atual<\/span>\n\t\t<\/span>\n\t\t\t\t\t<\/a>\n\t\t<\/div>\n\t\t\t\t<\/div>\n\t\t\t\t<\/div>\n\t\t\t\t\t<\/div>\n\t\t<\/div>\n\t\t\t\t<div class=\"elementor-column elementor-col-50 elementor-top-column elementor-element elementor-element-07ec571\" data-id=\"07ec571\" data-element_type=\"column\">\n\t\t\t<div class=\"elementor-widget-wrap elementor-element-populated\">\n\t\t\t\t\t\t\t\t<div class=\"elementor-element elementor-element-7444c60 elementor-widget elementor-widget-text-editor\" data-id=\"7444c60\" data-element_type=\"widget\" data-widget_type=\"text-editor.default\">\n\t\t\t\t<div class=\"elementor-widget-container\">\n\t\t\t\t\t\t\t<h5><em><strong>Revista online PROBATUS.INF.BR, v.2, n.5, mai.\/jun. 2023. ISSN 2965-0070<\/strong><\/em><\/h5>\t\t\t\t\t\t<\/div>\n\t\t\t\t<\/div>\n\t\t\t\t\t<\/div>\n\t\t<\/div>\n\t\t\t\t\t\t\t<\/div>\n\t\t<\/section>\n\t\t\t\t<section class=\"elementor-section elementor-top-section elementor-element elementor-element-199adf6 elementor-section-boxed elementor-section-height-default elementor-section-height-default\" data-id=\"199adf6\" data-element_type=\"section\">\n\t\t\t\t\t\t<div class=\"elementor-container elementor-column-gap-default\">\n\t\t\t\t\t<div class=\"elementor-column elementor-col-50 elementor-top-column elementor-element elementor-element-6e88eee\" data-id=\"6e88eee\" data-element_type=\"column\">\n\t\t\t<div class=\"elementor-widget-wrap elementor-element-populated\">\n\t\t\t\t\t\t\t\t<div class=\"elementor-element elementor-element-ef43a73 elementor-widget elementor-widget-image\" data-id=\"ef43a73\" data-element_type=\"widget\" data-widget_type=\"image.default\">\n\t\t\t\t<div class=\"elementor-widget-container\">\n\t\t\t\t\t\t\t\t\t\t\t\t\t\t\t<img loading=\"lazy\" decoding=\"async\" width=\"430\" height=\"684\" src=\"http:\/\/probatus.inf.br\/wp-content\/uploads\/2023\/09\/Capturar_Sumario_numero-5.jpg\" class=\"attachment-large size-large\" alt=\"\" srcset=\"http:\/\/probatus.inf.br\/wp-content\/uploads\/2023\/09\/Capturar_Sumario_numero-5.jpg 430w, http:\/\/probatus.inf.br\/wp-content\/uploads\/2023\/09\/Capturar_Sumario_numero-5-189x300.jpg 189w\" sizes=\"auto, (max-width: 430px) 100vw, 430px\" \/>\t\t\t\t\t\t\t\t\t\t\t\t\t\t\t<\/div>\n\t\t\t\t<\/div>\n\t\t\t\t\t<\/div>\n\t\t<\/div>\n\t\t\t\t<div class=\"elementor-column elementor-col-50 elementor-top-column elementor-element elementor-element-e78188c\" data-id=\"e78188c\" data-element_type=\"column\">\n\t\t\t<div class=\"elementor-widget-wrap elementor-element-populated\">\n\t\t\t\t\t\t\t\t<div class=\"elementor-element elementor-element-be061f6 elementor-widget elementor-widget-text-editor\" data-id=\"be061f6\" data-element_type=\"widget\" data-widget_type=\"text-editor.default\">\n\t\t\t\t<div class=\"elementor-widget-container\">\n\t\t\t\t\t\t\t<p style=\"text-align: center;\"><em><strong><u>EDITORIAL<\/u><br \/>COMENT\u00c1RIOS DESTA QUINTA EDI\u00c7\u00c3O POR MARCELO HENRIQUES DE BRITO<br \/><u>SE\u00c7\u00c3O: CUIDE DOS SEUS OR\u00c7AMENTOS, DE SEUS INVESTIMENTOS E DE SUAS EMPRESAS<\/u><br \/>FINAN\u00c7AS PESSOAIS E FINAN\u00c7AS EMPRESARIAIS DIFEREM NA ABORDAGEM<br \/><u>SE\u00c7\u00c3O: COMUNIQUE E COMPARTILHE CONHECIMENTO, H\u00c1BITOS E INFORMA\u00c7\u00d5ES<\/u><br \/>O FUTURO DAS BIBLIOTECAS<br \/>ESTABELECER OBJETIVOS PARA SOLUCIONAR PROBLEMAS E TOMAR DECIS\u00d5ES<br \/><u>SE\u00c7\u00c3O: INOVE PARA EMPREENDER<\/u><br \/>\u00c9 PRECISO UMA ESTRAT\u00c9GIA PARA ELABORAR UM PLANEJAMENTO ESTRAT\u00c9GICO?<br \/><u>SE\u00c7\u00c3O: RELACIONE-SE BEM EM UM MUNDO COM DIVERSIDADE<\/u><br \/>A SOCIEDADE DO ESPET\u00c1CULO<br \/>BRAVA HERAN\u00c7A LUSITANA<\/strong><\/em><em><strong>\u00a0<\/strong><\/em><em><strong><br \/><u>SE\u00c7\u00c3O: SEJA BEM-SUCEDIDO COMO EMPRES\u00c1RIO, EXECUTIVO E COLABORADOR<\/u><br \/>GEST\u00c3O DE ESTOQUES NAS CADEIAS DE SUPRIMENTOS<br \/>IMPACTO DO MEIO AMBIENTE NOS NEG\u00d3CIOS<br \/><u>SE\u00c7\u00c3O: VEJA IMAGENS QUE ESCLARECEM MAIS DO QUE PALAVRAS E TEXTOS<\/u><br \/>ESQUEMA PARA AVALIAR IMPACTOS AMBIENTAIS \u2013 FRAMEWORK FOR ENVIRONMENTAL ASSSESSMENT<br \/><u>SE\u00c7\u00c3O: INSPIRE-SE COM SUGEST\u00d5ES EM RESENHAS PARA LER LIVROS E VER FILMES<\/u><br \/>UM OLHAR SOBRE O LIVRO \u201cA CIDADE E AS SERRAS\u201d DE E\u00c7A DE QUEIR\u00d3S<br \/>ENTRE UNIVERSOS PARALELOS E AUDITORIAS FISCAIS: UMA AN\u00c1LISE DE &#8216;TUDO EM TODO LUGAR AO MESMO TEMPO&#8217;<br \/>CAPITALISMO DE VIGIL\u00c2NCIA<br \/><u>SOBRE O OBJETIVO DA REVISTA PROBATUS.INF.BR E SUA LINHA EDITORIAL<\/u><br \/><\/strong><\/em><\/p>\t\t\t\t\t\t<\/div>\n\t\t\t\t<\/div>\n\t\t\t\t\t<\/div>\n\t\t<\/div>\n\t\t\t\t\t\t\t<\/div>\n\t\t<\/section>\n\t\t\t\t\t\t\t<\/div>\n\t\t","protected":false},"excerpt":{"rendered":"<p>Download da edi\u00e7\u00e3o jan.\/fev. 2023 Revista online PROBATUS.INF.BR, v.2, n.3, jan.\/fev. 2023. ISSN 2965-0070 EDITORIALCOMENT\u00c1RIOS DESTE TERCEIRO N\u00daMERO POR MARCELO HENRIQUES DE BRITOSE\u00c7\u00c3O: CUIDE DOS SEUS OR\u00c7AMENTOS, DE SEUS INVESTIMENTOS E DE SUAS EMPRESASCUIDE DE SUAS FINAN\u00c7AS \u2013 PARTE 3SE\u00c7\u00c3O: COMUNIQUE E COMPARTILHE CONHECIMENTO, H\u00c1BITOS E INFORMA\u00c7\u00d5ESAOS ESTUDANTES E PROFESSORES, COM CARINHOSE\u00c7\u00c3O: INOVE PARA EMPREENDERAVAN\u00c7OS &hellip;<\/p>\n<p class=\"read-more\"> <a class=\"\" href=\"http:\/\/probatus.inf.br\/?page_id=1531\"> <span class=\"screen-reader-text\">2023<\/span> Leia mais &raquo;<\/a><\/p>\n","protected":false},"author":1,"featured_media":0,"parent":0,"menu_order":0,"comment_status":"closed","ping_status":"closed","template":"","meta":{"site-sidebar-layout":"default","site-content-layout":"default","ast-global-header-display":"","ast-banner-title-visibility":"","ast-main-header-display":"","ast-hfb-above-header-display":"","ast-hfb-below-header-display":"","ast-hfb-mobile-header-display":"","site-post-title":"","ast-breadcrumbs-content":"","ast-featured-img":"","footer-sml-layout":"","theme-transparent-header-meta":"","adv-header-id-meta":"","stick-header-meta":"","header-above-stick-meta":"","header-main-stick-meta":"","header-below-stick-meta":"","footnotes":""},"class_list":["post-1531","page","type-page","status-publish","hentry"],"_links":{"self":[{"href":"http:\/\/probatus.inf.br\/index.php?rest_route=\/wp\/v2\/pages\/1531","targetHints":{"allow":["GET"]}}],"collection":[{"href":"http:\/\/probatus.inf.br\/index.php?rest_route=\/wp\/v2\/pages"}],"about":[{"href":"http:\/\/probatus.inf.br\/index.php?rest_route=\/wp\/v2\/types\/page"}],"author":[{"embeddable":true,"href":"http:\/\/probatus.inf.br\/index.php?rest_route=\/wp\/v2\/users\/1"}],"replies":[{"embeddable":true,"href":"http:\/\/probatus.inf.br\/index.php?rest_route=%2Fwp%2Fv2%2Fcomments&post=1531"}],"version-history":[{"count":25,"href":"http:\/\/probatus.inf.br\/index.php?rest_route=\/wp\/v2\/pages\/1531\/revisions"}],"predecessor-version":[{"id":1621,"href":"http:\/\/probatus.inf.br\/index.php?rest_route=\/wp\/v2\/pages\/1531\/revisions\/1621"}],"wp:attachment":[{"href":"http:\/\/probatus.inf.br\/index.php?rest_route=%2Fwp%2Fv2%2Fmedia&parent=1531"}],"curies":[{"name":"wp","href":"https:\/\/api.w.org\/{rel}","templated":true}]}}