{"id":1397,"date":"2022-12-06T09:51:04","date_gmt":"2022-12-06T12:51:04","guid":{"rendered":"http:\/\/probatus.inf.br\/?page_id=1397"},"modified":"2023-02-03T12:08:53","modified_gmt":"2023-02-03T15:08:53","slug":"normas-para-publicacao","status":"publish","type":"page","link":"http:\/\/probatus.inf.br\/?page_id=1397","title":{"rendered":"Normas para Publica\u00e7\u00e3o"},"content":{"rendered":"\t\t<div data-elementor-type=\"wp-page\" data-elementor-id=\"1397\" class=\"elementor elementor-1397\">\n\t\t\t\t\t\t\t\t\t<section class=\"elementor-section elementor-top-section elementor-element elementor-element-ad30007 elementor-section-boxed elementor-section-height-default elementor-section-height-default\" data-id=\"ad30007\" data-element_type=\"section\">\n\t\t\t\t\t\t<div class=\"elementor-container elementor-column-gap-default\">\n\t\t\t\t\t<div class=\"elementor-column elementor-col-100 elementor-top-column elementor-element elementor-element-67d0f3c\" data-id=\"67d0f3c\" data-element_type=\"column\">\n\t\t\t<div class=\"elementor-widget-wrap elementor-element-populated\">\n\t\t\t\t\t\t\t\t<div class=\"elementor-element elementor-element-7fcc753 elementor-widget elementor-widget-text-editor\" data-id=\"7fcc753\" data-element_type=\"widget\" data-widget_type=\"text-editor.default\">\n\t\t\t\t<div class=\"elementor-widget-container\">\n\t\t\t<style>\/*! elementor - v3.8.1 - 13-11-2022 *\/\n.elementor-widget-text-editor.elementor-drop-cap-view-stacked .elementor-drop-cap{background-color:#818a91;color:#fff}.elementor-widget-text-editor.elementor-drop-cap-view-framed .elementor-drop-cap{color:#818a91;border:3px solid;background-color:transparent}.elementor-widget-text-editor:not(.elementor-drop-cap-view-default) .elementor-drop-cap{margin-top:8px}.elementor-widget-text-editor:not(.elementor-drop-cap-view-default) .elementor-drop-cap-letter{width:1em;height:1em}.elementor-widget-text-editor .elementor-drop-cap{float:left;text-align:center;line-height:1;font-size:50px}.elementor-widget-text-editor .elementor-drop-cap-letter{display:inline-block}<\/style>\t\t\t\t<h4 style=\"text-align: center;\">Revista online PROBATUS.INF.BR\u00a0 \u00a0ISSN 2965-0070<\/h4>\t\t\t\t\t\t<\/div>\n\t\t\t\t<\/div>\n\t\t\t\t<section class=\"elementor-section elementor-inner-section elementor-element elementor-element-965b9f1 elementor-section-boxed elementor-section-height-default elementor-section-height-default\" data-id=\"965b9f1\" data-element_type=\"section\">\n\t\t\t\t\t\t<div class=\"elementor-container elementor-column-gap-default\">\n\t\t\t\t\t<div class=\"elementor-column elementor-col-100 elementor-inner-column elementor-element elementor-element-249d6da\" data-id=\"249d6da\" data-element_type=\"column\">\n\t\t\t<div class=\"elementor-widget-wrap elementor-element-populated\">\n\t\t\t\t\t\t\t\t<div class=\"elementor-element elementor-element-b189540 elementor-widget elementor-widget-text-editor\" data-id=\"b189540\" data-element_type=\"widget\" data-widget_type=\"text-editor.default\">\n\t\t\t\t<div class=\"elementor-widget-container\">\n\t\t\t\t\t\t\t<h4 style=\"text-align: center;\"><strong><span style=\"color: #3366ff;\">Ser\u00e3o apreciadas contribui\u00e7\u00f5es de artigos elaborados por outros profissionais ou estudantes<\/span><\/strong><\/h4><h4 style=\"text-align: center;\"><strong><span style=\"color: #3366ff;\">desde que<\/span><\/strong><\/h4><h4 style=\"text-align: center;\"><strong><span style=\"color: #3366ff;\">o assunto se enquadre em uma das sete se\u00e7\u00f5es (vide tabela na aba <a href=\"http:\/\/probatus.inf.br\/?page_id=245\">Apresenta\u00e7\u00e3o<\/a>) <\/span><\/strong><\/h4><h4 style=\"text-align: center;\"><strong><span style=\"color: #3366ff;\">e o artigo respeite a linha editorial da revista, <\/span><\/strong><strong><span style=\"color: #3366ff;\">tanto com rela\u00e7\u00e3o ao conte\u00fado do artigo, quanto com rela\u00e7\u00e3o ao formato do artigo.<\/span><\/strong><\/h4><hr \/>\t\t\t\t\t\t<\/div>\n\t\t\t\t<\/div>\n\t\t\t\t\t<\/div>\n\t\t<\/div>\n\t\t\t\t\t\t\t<\/div>\n\t\t<\/section>\n\t\t\t\t\t<\/div>\n\t\t<\/div>\n\t\t\t\t\t\t\t<\/div>\n\t\t<\/section>\n\t\t\t\t<section class=\"elementor-section elementor-top-section elementor-element elementor-element-2c495d7 elementor-section-boxed elementor-section-height-default elementor-section-height-default\" data-id=\"2c495d7\" data-element_type=\"section\">\n\t\t\t\t\t\t<div class=\"elementor-container elementor-column-gap-default\">\n\t\t\t\t\t<div class=\"elementor-column elementor-col-50 elementor-top-column elementor-element elementor-element-1f8e878\" data-id=\"1f8e878\" data-element_type=\"column\">\n\t\t\t<div class=\"elementor-widget-wrap elementor-element-populated\">\n\t\t\t\t\t\t\t\t<div class=\"elementor-element elementor-element-bfa0426 elementor-widget elementor-widget-text-editor\" data-id=\"bfa0426\" data-element_type=\"widget\" data-widget_type=\"text-editor.default\">\n\t\t\t\t<div class=\"elementor-widget-container\">\n\t\t\t\t\t\t\t<h5><strong><span style=\"color: #ff0000;\">O conte\u00fado do artigo precisa ser aplic\u00e1vel e curto (at\u00e9 aproximadamente 1500 palavras, ressalvando casos especiais).\u00a0<\/span><\/strong><\/h5><h5><strong><span style=\"color: #ff0000;\">Ao final de cada artigo, existe a possibilidade de indica\u00e7\u00e3o de refer\u00eancias (links) a outras publica\u00e7\u00f5es para acesso a fatos, dados e informa\u00e7\u00f5es com mais detalhes (vide formato na aba <\/span><\/strong><strong><span style=\"color: #ff0000;\"><a href=\"http:\/\/probatus.inf.br\/?page_id=246\">Edi\u00e7\u00f5es Publicadas<\/a><\/span><\/strong><strong><span style=\"color: #ff0000;\">).\u00a0<\/span><\/strong><\/h5><h5><strong><span style=\"color: #ff0000;\">\u00c9 fundamental citar refer\u00eancias no corpo do texto e tamb\u00e9m prover uma rela\u00e7\u00e3o bibliogr\u00e1fica ao final de cada artigo, eventualmente com sugest\u00f5es de leitura. <\/span><\/strong><strong><span style=\"color: #ff0000;\">As cita\u00e7\u00f5es no corpo do texto e a rela\u00e7\u00e3o bibliogr\u00e1fica ao final precisam seguir as normas da ABNT.<\/span><\/strong><\/h5><h5><strong><span style=\"color: #ff0000;\">A Revista online PROBATUS.INF.BR \u00e9 uma publica\u00e7\u00e3o bimestral disponibilizada online e gratuitamente.<\/span><\/strong><\/h5><h5><strong><span style=\"color: #ff0000;\">\u00a0<\/span><\/strong><\/h5>\t\t\t\t\t\t<\/div>\n\t\t\t\t<\/div>\n\t\t\t\t\t<\/div>\n\t\t<\/div>\n\t\t\t\t<div class=\"elementor-column elementor-col-50 elementor-top-column elementor-element elementor-element-031c838\" data-id=\"031c838\" data-element_type=\"column\">\n\t\t\t<div class=\"elementor-widget-wrap elementor-element-populated\">\n\t\t\t\t\t\t\t\t<div class=\"elementor-element elementor-element-b2b844c elementor-widget elementor-widget-text-editor\" data-id=\"b2b844c\" data-element_type=\"widget\" data-widget_type=\"text-editor.default\">\n\t\t\t\t<div class=\"elementor-widget-container\">\n\t\t\t\t\t\t\t<h5><span style=\"color: #993300;\"><strong>O artigo precisa ter um t\u00edtulo curto (em torno de no m\u00e1ximo dez palavras).<\/strong><\/span><\/h5><h5><span style=\"color: #993300;\"><strong>O(s) autor(es) precisa(m) informar o(s) seu(s) nome(s) completo(s) e<\/strong><\/span><span style=\"color: #993300;\"><strong> qualifica\u00e7\u00f5es (ou titula\u00e7\u00f5es) em uma \u00fanica linha e simultaneamente fornecer a indica\u00e7\u00e3o de um ou mais sites, sendo obrigat\u00f3rio o Curr\u00edculo Lattes, onde h\u00e1 um detalhamento completo e com efeitos legais.<\/strong><\/span><\/h5><ul><li><h5><span style=\"color: #993300;\"><strong>As opini\u00f5es e as interpreta\u00e7\u00f5es dos autores n\u00e3o expressam necessariamente perspectivas ou pontos de vista da Revista online PROBATUS.INF.BR nem de seu Conselho Editorial.\u00a0<\/strong><\/span><\/h5><\/li><li><h5><span style=\"color: #993300;\"><strong>Nenhum artigo submetido deve sugerir, insinuar ou criticar a implementa\u00e7\u00e3o tanto de pol\u00edticas p\u00fablicas quanto de certos tipos de acordos internacionais<\/strong><\/span><strong style=\"color: #993300;\">.<\/strong><\/h5><\/li><\/ul>\t\t\t\t\t\t<\/div>\n\t\t\t\t<\/div>\n\t\t\t\t\t<\/div>\n\t\t<\/div>\n\t\t\t\t\t\t\t<\/div>\n\t\t<\/section>\n\t\t\t\t<section class=\"elementor-section elementor-top-section elementor-element elementor-element-d9b228d elementor-section-boxed elementor-section-height-default elementor-section-height-default\" data-id=\"d9b228d\" data-element_type=\"section\">\n\t\t\t\t\t\t<div class=\"elementor-container elementor-column-gap-default\">\n\t\t\t\t\t<div class=\"elementor-column elementor-col-100 elementor-top-column elementor-element elementor-element-740656a\" data-id=\"740656a\" data-element_type=\"column\">\n\t\t\t<div class=\"elementor-widget-wrap elementor-element-populated\">\n\t\t\t\t\t\t\t\t<div class=\"elementor-element elementor-element-f466de0 elementor-widget elementor-widget-text-editor\" data-id=\"f466de0\" data-element_type=\"widget\" data-widget_type=\"text-editor.default\">\n\t\t\t\t<div class=\"elementor-widget-container\">\n\t\t\t\t\t\t\t<h4 style=\"text-align: center;\"><strong><span style=\"text-decoration: underline;\">Submiss\u00e3o de artigos para o e-mail abaixo<\/span><\/strong><\/h4>\t\t\t\t\t\t<\/div>\n\t\t\t\t<\/div>\n\t\t\t\t\t<\/div>\n\t\t<\/div>\n\t\t\t\t\t\t\t<\/div>\n\t\t<\/section>\n\t\t\t\t<section class=\"elementor-section elementor-top-section elementor-element elementor-element-7bf9d1f elementor-section-boxed elementor-section-height-default elementor-section-height-default\" data-id=\"7bf9d1f\" data-element_type=\"section\">\n\t\t\t\t\t\t<div class=\"elementor-container elementor-column-gap-default\">\n\t\t\t\t\t<div class=\"elementor-column elementor-col-20 elementor-top-column elementor-element elementor-element-c3bbca9\" data-id=\"c3bbca9\" data-element_type=\"column\">\n\t\t\t<div class=\"elementor-widget-wrap\">\n\t\t\t\t\t\t\t\t\t<\/div>\n\t\t<\/div>\n\t\t\t\t<div class=\"elementor-column elementor-col-20 elementor-top-column elementor-element elementor-element-40fe021\" data-id=\"40fe021\" data-element_type=\"column\">\n\t\t\t<div class=\"elementor-widget-wrap\">\n\t\t\t\t\t\t\t\t\t<\/div>\n\t\t<\/div>\n\t\t\t\t<div class=\"elementor-column elementor-col-20 elementor-top-column elementor-element elementor-element-0442a54\" data-id=\"0442a54\" data-element_type=\"column\">\n\t\t\t<div class=\"elementor-widget-wrap\">\n\t\t\t\t\t\t\t\t\t<\/div>\n\t\t<\/div>\n\t\t\t\t<div class=\"elementor-column elementor-col-20 elementor-top-column elementor-element elementor-element-3de7db8\" data-id=\"3de7db8\" data-element_type=\"column\">\n\t\t\t<div class=\"elementor-widget-wrap\">\n\t\t\t\t\t\t\t\t\t<\/div>\n\t\t<\/div>\n\t\t\t\t<div class=\"elementor-column elementor-col-20 elementor-top-column elementor-element elementor-element-138d5da\" data-id=\"138d5da\" data-element_type=\"column\">\n\t\t\t<div class=\"elementor-widget-wrap\">\n\t\t\t\t\t\t\t\t\t<\/div>\n\t\t<\/div>\n\t\t\t\t\t\t\t<\/div>\n\t\t<\/section>\n\t\t\t\t\t\t\t<\/div>\n\t\t","protected":false},"excerpt":{"rendered":"<p>Revista online PROBATUS.INF.BR\u00a0 \u00a0ISSN 2965-0070 Ser\u00e3o apreciadas contribui\u00e7\u00f5es de artigos elaborados por outros profissionais ou estudantes desde que o assunto se enquadre em uma das sete se\u00e7\u00f5es (vide tabela na aba Apresenta\u00e7\u00e3o) e o artigo respeite a linha editorial da revista, tanto com rela\u00e7\u00e3o ao conte\u00fado do artigo, quanto com rela\u00e7\u00e3o ao formato do artigo. &hellip;<\/p>\n<p class=\"read-more\"> <a class=\"\" href=\"http:\/\/probatus.inf.br\/?page_id=1397\"> <span class=\"screen-reader-text\">Normas para Publica\u00e7\u00e3o<\/span> Leia mais &raquo;<\/a><\/p>\n","protected":false},"author":1,"featured_media":0,"parent":0,"menu_order":0,"comment_status":"closed","ping_status":"closed","template":"","meta":{"site-sidebar-layout":"default","site-content-layout":"default","ast-global-header-display":"","ast-banner-title-visibility":"","ast-main-header-display":"","ast-hfb-above-header-display":"","ast-hfb-below-header-display":"","ast-hfb-mobile-header-display":"","site-post-title":"","ast-breadcrumbs-content":"","ast-featured-img":"","footer-sml-layout":"","theme-transparent-header-meta":"","adv-header-id-meta":"","stick-header-meta":"","header-above-stick-meta":"","header-main-stick-meta":"","header-below-stick-meta":"","footnotes":""},"class_list":["post-1397","page","type-page","status-publish","hentry"],"_links":{"self":[{"href":"http:\/\/probatus.inf.br\/index.php?rest_route=\/wp\/v2\/pages\/1397","targetHints":{"allow":["GET"]}}],"collection":[{"href":"http:\/\/probatus.inf.br\/index.php?rest_route=\/wp\/v2\/pages"}],"about":[{"href":"http:\/\/probatus.inf.br\/index.php?rest_route=\/wp\/v2\/types\/page"}],"author":[{"embeddable":true,"href":"http:\/\/probatus.inf.br\/index.php?rest_route=\/wp\/v2\/users\/1"}],"replies":[{"embeddable":true,"href":"http:\/\/probatus.inf.br\/index.php?rest_route=%2Fwp%2Fv2%2Fcomments&post=1397"}],"version-history":[{"count":31,"href":"http:\/\/probatus.inf.br\/index.php?rest_route=\/wp\/v2\/pages\/1397\/revisions"}],"predecessor-version":[{"id":1514,"href":"http:\/\/probatus.inf.br\/index.php?rest_route=\/wp\/v2\/pages\/1397\/revisions\/1514"}],"wp:attachment":[{"href":"http:\/\/probatus.inf.br\/index.php?rest_route=%2Fwp%2Fv2%2Fmedia&parent=1397"}],"curies":[{"name":"wp","href":"https:\/\/api.w.org\/{rel}","templated":true}]}}