{"id":1155,"date":"2022-11-23T09:27:31","date_gmt":"2022-11-23T12:27:31","guid":{"rendered":"http:\/\/probatus.inf.br\/?page_id=1155"},"modified":"2022-11-23T12:09:28","modified_gmt":"2022-11-23T15:09:28","slug":"assuntos-gerais","status":"publish","type":"page","link":"http:\/\/probatus.inf.br\/?page_id=1155","title":{"rendered":"Assuntos Gerais"},"content":{"rendered":"\t\t<div data-elementor-type=\"wp-page\" data-elementor-id=\"1155\" class=\"elementor elementor-1155\">\n\t\t\t\t\t\t\t\t\t<section class=\"elementor-section elementor-top-section elementor-element elementor-element-6e7ab32 elementor-section-boxed elementor-section-height-default elementor-section-height-default\" data-id=\"6e7ab32\" data-element_type=\"section\">\n\t\t\t\t\t\t<div class=\"elementor-container elementor-column-gap-default\">\n\t\t\t\t\t<div class=\"elementor-column elementor-col-100 elementor-top-column elementor-element elementor-element-e7f58d4\" data-id=\"e7f58d4\" data-element_type=\"column\">\n\t\t\t<div class=\"elementor-widget-wrap elementor-element-populated\">\n\t\t\t\t\t\t\t\t<div class=\"elementor-element elementor-element-2d0fb7f elementor-widget elementor-widget-text-editor\" data-id=\"2d0fb7f\" data-element_type=\"widget\" data-widget_type=\"text-editor.default\">\n\t\t\t\t<div class=\"elementor-widget-container\">\n\t\t\t<style>\/*! elementor - v3.8.1 - 13-11-2022 *\/\n.elementor-widget-text-editor.elementor-drop-cap-view-stacked .elementor-drop-cap{background-color:#818a91;color:#fff}.elementor-widget-text-editor.elementor-drop-cap-view-framed .elementor-drop-cap{color:#818a91;border:3px solid;background-color:transparent}.elementor-widget-text-editor:not(.elementor-drop-cap-view-default) .elementor-drop-cap{margin-top:8px}.elementor-widget-text-editor:not(.elementor-drop-cap-view-default) .elementor-drop-cap-letter{width:1em;height:1em}.elementor-widget-text-editor .elementor-drop-cap{float:left;text-align:center;line-height:1;font-size:50px}.elementor-widget-text-editor .elementor-drop-cap-letter{display:inline-block}<\/style>\t\t\t\t<h4 style=\"text-align: center;\"><strong><em><span style=\"text-decoration: underline;\">Sugest\u00f5es para acessar conte\u00fado nos sites abaixo<\/span><\/em><\/strong><\/h4>\t\t\t\t\t\t<\/div>\n\t\t\t\t<\/div>\n\t\t\t\t\t<\/div>\n\t\t<\/div>\n\t\t\t\t\t\t\t<\/div>\n\t\t<\/section>\n\t\t\t\t<section class=\"elementor-section elementor-top-section elementor-element elementor-element-99283f6 elementor-section-boxed elementor-section-height-default elementor-section-height-default\" data-id=\"99283f6\" data-element_type=\"section\">\n\t\t\t\t\t\t<div class=\"elementor-container elementor-column-gap-default\">\n\t\t\t\t\t<div class=\"elementor-column elementor-col-100 elementor-top-column elementor-element elementor-element-0431bca\" data-id=\"0431bca\" data-element_type=\"column\">\n\t\t\t<div class=\"elementor-widget-wrap elementor-element-populated\">\n\t\t\t\t\t\t\t\t<div class=\"elementor-element elementor-element-05e8135 elementor-widget elementor-widget-text-editor\" data-id=\"05e8135\" data-element_type=\"widget\" data-widget_type=\"text-editor.default\">\n\t\t\t\t<div class=\"elementor-widget-container\">\n\t\t\t\t\t\t\t<h4 style=\"text-align: center;\"><strong><span style=\"text-decoration: underline;\">Projeto Gutenberg<\/span><\/strong><\/h4><p style=\"text-align: center;\">Cole\u00e7\u00e3o de milhares de livros eletr\u00f4nicos em mais de 40 idiomas, todos em dom\u00ednio p\u00fablico<\/p><p style=\"text-align: center;\"><a href=\"https:\/\/www.gutenberg.org\/\">https:\/\/www.gutenberg.org\/<\/a><\/p><hr \/><h4 style=\"text-align: center;\"><strong><span style=\"text-decoration: underline;\">Portal Dom\u00ednio P\u00fablico<\/span><\/strong><\/h4><p style=\"text-align: center;\">Biblioteca digital editada pelo Minist\u00e9rio da Educa\u00e7\u00e3o com obras liter\u00e1rias brasileiras.<\/p><p style=\"text-align: center;\"><a href=\"http:\/\/www.dominiopublico.gov.br\">http:\/\/www.dominiopublico.gov.br<\/a><\/p><hr \/><h4 style=\"text-align: center;\"><strong><span style=\"text-decoration: underline;\">Biblioteca Mundial Digital &#8211; World Digital Library<\/span><\/strong><\/h4><p style=\"text-align: center;\">Acervo digital gerido pela Biblioteca do Congresso dos Estados Unidos<\/p><p style=\"text-align: center;\"><a href=\"https:\/\/www.wdl.org\">https:\/\/www.wdl.org<\/a><\/p>\t\t\t\t\t\t<\/div>\n\t\t\t\t<\/div>\n\t\t\t\t\t<\/div>\n\t\t<\/div>\n\t\t\t\t\t\t\t<\/div>\n\t\t<\/section>\n\t\t\t\t\t\t\t<\/div>\n\t\t","protected":false},"excerpt":{"rendered":"<p>Sugest\u00f5es para acessar conte\u00fado nos sites abaixo Projeto Gutenberg Cole\u00e7\u00e3o de milhares de livros eletr\u00f4nicos em mais de 40 idiomas, todos em dom\u00ednio p\u00fablico https:\/\/www.gutenberg.org\/ Portal Dom\u00ednio P\u00fablico Biblioteca digital editada pelo Minist\u00e9rio da Educa\u00e7\u00e3o com obras liter\u00e1rias brasileiras. http:\/\/www.dominiopublico.gov.br Biblioteca Mundial Digital &#8211; World Digital Library Acervo digital gerido pela Biblioteca do Congresso dos &hellip;<\/p>\n<p class=\"read-more\"> <a class=\"\" href=\"http:\/\/probatus.inf.br\/?page_id=1155\"> <span class=\"screen-reader-text\">Assuntos Gerais<\/span> Leia mais &raquo;<\/a><\/p>\n","protected":false},"author":1,"featured_media":0,"parent":0,"menu_order":0,"comment_status":"closed","ping_status":"closed","template":"","meta":{"site-sidebar-layout":"default","site-content-layout":"default","ast-global-header-display":"","ast-banner-title-visibility":"","ast-main-header-display":"","ast-hfb-above-header-display":"","ast-hfb-below-header-display":"","ast-hfb-mobile-header-display":"","site-post-title":"","ast-breadcrumbs-content":"","ast-featured-img":"","footer-sml-layout":"","theme-transparent-header-meta":"","adv-header-id-meta":"","stick-header-meta":"","header-above-stick-meta":"","header-main-stick-meta":"","header-below-stick-meta":"","footnotes":""},"class_list":["post-1155","page","type-page","status-publish","hentry"],"_links":{"self":[{"href":"http:\/\/probatus.inf.br\/index.php?rest_route=\/wp\/v2\/pages\/1155","targetHints":{"allow":["GET"]}}],"collection":[{"href":"http:\/\/probatus.inf.br\/index.php?rest_route=\/wp\/v2\/pages"}],"about":[{"href":"http:\/\/probatus.inf.br\/index.php?rest_route=\/wp\/v2\/types\/page"}],"author":[{"embeddable":true,"href":"http:\/\/probatus.inf.br\/index.php?rest_route=\/wp\/v2\/users\/1"}],"replies":[{"embeddable":true,"href":"http:\/\/probatus.inf.br\/index.php?rest_route=%2Fwp%2Fv2%2Fcomments&post=1155"}],"version-history":[{"count":7,"href":"http:\/\/probatus.inf.br\/index.php?rest_route=\/wp\/v2\/pages\/1155\/revisions"}],"predecessor-version":[{"id":1313,"href":"http:\/\/probatus.inf.br\/index.php?rest_route=\/wp\/v2\/pages\/1155\/revisions\/1313"}],"wp:attachment":[{"href":"http:\/\/probatus.inf.br\/index.php?rest_route=%2Fwp%2Fv2%2Fmedia&parent=1155"}],"curies":[{"name":"wp","href":"https:\/\/api.w.org\/{rel}","templated":true}]}}