{"id":1153,"date":"2022-11-23T09:27:31","date_gmt":"2022-11-23T12:27:31","guid":{"rendered":"http:\/\/probatus.inf.br\/?page_id=1153"},"modified":"2022-11-23T12:06:30","modified_gmt":"2022-11-23T15:06:30","slug":"financas-e-gestao","status":"publish","type":"page","link":"http:\/\/probatus.inf.br\/?page_id=1153","title":{"rendered":"Finan\u00e7as e Gest\u00e3o"},"content":{"rendered":"\t\t<div data-elementor-type=\"wp-page\" data-elementor-id=\"1153\" class=\"elementor elementor-1153\">\n\t\t\t\t\t\t\t\t\t<section class=\"elementor-section elementor-top-section elementor-element elementor-element-2a53b01 elementor-section-boxed elementor-section-height-default elementor-section-height-default\" data-id=\"2a53b01\" data-element_type=\"section\">\n\t\t\t\t\t\t<div class=\"elementor-container elementor-column-gap-default\">\n\t\t\t\t\t<div class=\"elementor-column elementor-col-100 elementor-top-column elementor-element elementor-element-e85010b\" data-id=\"e85010b\" data-element_type=\"column\">\n\t\t\t<div class=\"elementor-widget-wrap elementor-element-populated\">\n\t\t\t\t\t\t\t\t<div class=\"elementor-element elementor-element-41496e8 elementor-widget elementor-widget-text-editor\" data-id=\"41496e8\" data-element_type=\"widget\" data-widget_type=\"text-editor.default\">\n\t\t\t\t<div class=\"elementor-widget-container\">\n\t\t\t<style>\/*! elementor - v3.8.1 - 13-11-2022 *\/\n.elementor-widget-text-editor.elementor-drop-cap-view-stacked .elementor-drop-cap{background-color:#818a91;color:#fff}.elementor-widget-text-editor.elementor-drop-cap-view-framed .elementor-drop-cap{color:#818a91;border:3px solid;background-color:transparent}.elementor-widget-text-editor:not(.elementor-drop-cap-view-default) .elementor-drop-cap{margin-top:8px}.elementor-widget-text-editor:not(.elementor-drop-cap-view-default) .elementor-drop-cap-letter{width:1em;height:1em}.elementor-widget-text-editor .elementor-drop-cap{float:left;text-align:center;line-height:1;font-size:50px}.elementor-widget-text-editor .elementor-drop-cap-letter{display:inline-block}<\/style>\t\t\t\t<h4 style=\"text-align: center;\"><span style=\"text-decoration: underline;\"><em><strong>Sugest\u00f5es para acessar conte\u00fado e cursos nos sites abaixo<\/strong><\/em><\/span><\/h4>\t\t\t\t\t\t<\/div>\n\t\t\t\t<\/div>\n\t\t\t\t\t<\/div>\n\t\t<\/div>\n\t\t\t\t\t\t\t<\/div>\n\t\t<\/section>\n\t\t\t\t<section class=\"elementor-section elementor-top-section elementor-element elementor-element-09b9342 elementor-section-boxed elementor-section-height-default elementor-section-height-default\" data-id=\"09b9342\" data-element_type=\"section\">\n\t\t\t\t\t\t<div class=\"elementor-container elementor-column-gap-default\">\n\t\t\t\t\t<div class=\"elementor-column elementor-col-100 elementor-top-column elementor-element elementor-element-8efb8ea\" data-id=\"8efb8ea\" data-element_type=\"column\">\n\t\t\t<div class=\"elementor-widget-wrap elementor-element-populated\">\n\t\t\t\t\t\t\t\t<div class=\"elementor-element elementor-element-ee67502 elementor-widget elementor-widget-text-editor\" data-id=\"ee67502\" data-element_type=\"widget\" data-widget_type=\"text-editor.default\">\n\t\t\t\t<div class=\"elementor-widget-container\">\n\t\t\t\t\t\t\t<h4 style=\"text-align: center;\"><strong><span style=\"text-decoration: underline;\">PLANEJAR<\/span><\/strong><\/h4><p style=\"text-align: center;\">Plataforma da Planejar que oferece cursos e v\u00eddeos sobre educa\u00e7\u00e3o financeira<\/p><p style=\"text-align: center;\"><a href=\"https:\/\/educa.planejar.org.br\/ofertas\">https:\/\/educa.planejar.org.br\/ofertas<\/a><\/p><hr \/><h4 style=\"text-align: center;\"><strong><span style=\"text-decoration: underline;\">Cursos ANBIMA<\/span><\/strong><\/h4><p style=\"text-align: center;\">Cursos online na \u00e1rea de finan\u00e7as, tais como cursos sobre mercado financeiro, investimentos e gest\u00e3o de riscos<\/p><p style=\"text-align: center;\"><a href=\"https:\/\/cursos.anbima.com.br\/pagina-inicial\">https:\/\/cursos.anbima.com.br\/pagina-inicial<\/a><\/p><hr \/><h4 style=\"text-align: center;\"><strong><span style=\"text-decoration: underline;\">B3<\/span><\/strong><\/h4><p style=\"text-align: center;\">Educa\u00e7\u00e3o financeira oferecida pela B3 (uma empresa de infraestrutura de mercado financeiro, ou seja, a \u201cBolsa de Valores no Brasil\u201d)<\/p><p style=\"text-align: center;\"><a href=\"https:\/\/edu.b3.com.br\/\">https:\/\/edu.b3.com.br\/<\/a><\/p><hr \/><h4 style=\"text-align: center;\"><strong><span style=\"text-decoration: underline;\">EV.G | Portal \u00danico de Governo<\/span><\/strong><\/h4><p style=\"text-align: center;\">Oferta de cursos gratuitos de capacita\u00e7\u00e3o a dist\u00e2ncia em diversas \u00e1reas para o setor p\u00fablico e tamb\u00e9m na \u00e1rea empresarial<\/p><p style=\"text-align: center;\"><a href=\"https:\/\/www.escolavirtual.gov.br\/\">https:\/\/www.escolavirtual.gov.br\/<\/a><\/p><hr \/><h4 style=\"text-align: center;\"><strong><span style=\"text-decoration: underline;\">SSRN<\/span><\/strong><\/h4><p style=\"text-align: center;\">Portal para divulga\u00e7\u00e3o de trabalhos cient\u00edficos em diversas \u00e1reas<\/p><p style=\"text-align: center;\"><a href=\"http:\/\/ssrn.com\">http:\/\/ssrn.com<\/a><\/p>\t\t\t\t\t\t<\/div>\n\t\t\t\t<\/div>\n\t\t\t\t\t<\/div>\n\t\t<\/div>\n\t\t\t\t\t\t\t<\/div>\n\t\t<\/section>\n\t\t\t\t\t\t\t<\/div>\n\t\t","protected":false},"excerpt":{"rendered":"<p>Sugest\u00f5es para acessar conte\u00fado e cursos nos sites abaixo PLANEJAR Plataforma da Planejar que oferece cursos e v\u00eddeos sobre educa\u00e7\u00e3o financeira https:\/\/educa.planejar.org.br\/ofertas Cursos ANBIMA Cursos online na \u00e1rea de finan\u00e7as, tais como cursos sobre mercado financeiro, investimentos e gest\u00e3o de riscos https:\/\/cursos.anbima.com.br\/pagina-inicial B3 Educa\u00e7\u00e3o financeira oferecida pela B3 (uma empresa de infraestrutura de mercado financeiro, &hellip;<\/p>\n<p class=\"read-more\"> <a class=\"\" href=\"http:\/\/probatus.inf.br\/?page_id=1153\"> <span class=\"screen-reader-text\">Finan\u00e7as e Gest\u00e3o<\/span> Leia mais &raquo;<\/a><\/p>\n","protected":false},"author":1,"featured_media":0,"parent":0,"menu_order":0,"comment_status":"closed","ping_status":"closed","template":"","meta":{"site-sidebar-layout":"default","site-content-layout":"default","ast-global-header-display":"","ast-banner-title-visibility":"","ast-main-header-display":"","ast-hfb-above-header-display":"","ast-hfb-below-header-display":"","ast-hfb-mobile-header-display":"","site-post-title":"","ast-breadcrumbs-content":"","ast-featured-img":"","footer-sml-layout":"","theme-transparent-header-meta":"","adv-header-id-meta":"","stick-header-meta":"","header-above-stick-meta":"","header-main-stick-meta":"","header-below-stick-meta":"","footnotes":""},"class_list":["post-1153","page","type-page","status-publish","hentry"],"_links":{"self":[{"href":"http:\/\/probatus.inf.br\/index.php?rest_route=\/wp\/v2\/pages\/1153","targetHints":{"allow":["GET"]}}],"collection":[{"href":"http:\/\/probatus.inf.br\/index.php?rest_route=\/wp\/v2\/pages"}],"about":[{"href":"http:\/\/probatus.inf.br\/index.php?rest_route=\/wp\/v2\/types\/page"}],"author":[{"embeddable":true,"href":"http:\/\/probatus.inf.br\/index.php?rest_route=\/wp\/v2\/users\/1"}],"replies":[{"embeddable":true,"href":"http:\/\/probatus.inf.br\/index.php?rest_route=%2Fwp%2Fv2%2Fcomments&post=1153"}],"version-history":[{"count":22,"href":"http:\/\/probatus.inf.br\/index.php?rest_route=\/wp\/v2\/pages\/1153\/revisions"}],"predecessor-version":[{"id":1309,"href":"http:\/\/probatus.inf.br\/index.php?rest_route=\/wp\/v2\/pages\/1153\/revisions\/1309"}],"wp:attachment":[{"href":"http:\/\/probatus.inf.br\/index.php?rest_route=%2Fwp%2Fv2%2Fmedia&parent=1153"}],"curies":[{"name":"wp","href":"https:\/\/api.w.org\/{rel}","templated":true}]}}