{"id":1152,"date":"2022-11-23T09:27:31","date_gmt":"2022-11-23T12:27:31","guid":{"rendered":"http:\/\/probatus.inf.br\/?page_id=1152"},"modified":"2023-03-27T10:17:19","modified_gmt":"2023-03-27T13:17:19","slug":"2022-2","status":"publish","type":"page","link":"http:\/\/probatus.inf.br\/?page_id=1152","title":{"rendered":"2022"},"content":{"rendered":"\t\t<div data-elementor-type=\"wp-page\" data-elementor-id=\"1152\" class=\"elementor elementor-1152\">\n\t\t\t\t\t\t\t\t\t<section class=\"elementor-section elementor-top-section elementor-element elementor-element-934adfe elementor-section-boxed elementor-section-height-default elementor-section-height-default\" data-id=\"934adfe\" data-element_type=\"section\">\n\t\t\t\t\t\t<div class=\"elementor-container elementor-column-gap-default\">\n\t\t\t\t\t<div class=\"elementor-column elementor-col-100 elementor-top-column elementor-element elementor-element-7881214\" data-id=\"7881214\" data-element_type=\"column\">\n\t\t\t<div class=\"elementor-widget-wrap elementor-element-populated\">\n\t\t\t\t\t\t\t\t<div class=\"elementor-element elementor-element-14e253c elementor-widget elementor-widget-heading\" data-id=\"14e253c\" data-element_type=\"widget\" data-widget_type=\"heading.default\">\n\t\t\t\t<div class=\"elementor-widget-container\">\n\t\t\t<style>\/*! elementor - v3.8.1 - 13-11-2022 *\/\n.elementor-heading-title{padding:0;margin:0;line-height:1}.elementor-widget-heading .elementor-heading-title[class*=elementor-size-]>a{color:inherit;font-size:inherit;line-height:inherit}.elementor-widget-heading .elementor-heading-title.elementor-size-small{font-size:15px}.elementor-widget-heading .elementor-heading-title.elementor-size-medium{font-size:19px}.elementor-widget-heading .elementor-heading-title.elementor-size-large{font-size:29px}.elementor-widget-heading .elementor-heading-title.elementor-size-xl{font-size:39px}.elementor-widget-heading .elementor-heading-title.elementor-size-xxl{font-size:59px}<\/style><h2 class=\"elementor-heading-title elementor-size-default\">Edi\u00e7\u00f5es publicadas em 2022<\/h2>\t\t<\/div>\n\t\t\t\t<\/div>\n\t\t\t\t<div class=\"elementor-element elementor-element-88b72ec elementor-widget elementor-widget-text-editor\" data-id=\"88b72ec\" data-element_type=\"widget\" data-widget_type=\"text-editor.default\">\n\t\t\t\t<div class=\"elementor-widget-container\">\n\t\t\t<style>\/*! elementor - v3.8.1 - 13-11-2022 *\/\n.elementor-widget-text-editor.elementor-drop-cap-view-stacked .elementor-drop-cap{background-color:#818a91;color:#fff}.elementor-widget-text-editor.elementor-drop-cap-view-framed .elementor-drop-cap{color:#818a91;border:3px solid;background-color:transparent}.elementor-widget-text-editor:not(.elementor-drop-cap-view-default) .elementor-drop-cap{margin-top:8px}.elementor-widget-text-editor:not(.elementor-drop-cap-view-default) .elementor-drop-cap-letter{width:1em;height:1em}.elementor-widget-text-editor .elementor-drop-cap{float:left;text-align:center;line-height:1;font-size:50px}.elementor-widget-text-editor .elementor-drop-cap-letter{display:inline-block}<\/style>\t\t\t\t<h5 style=\"text-align: center;\"><em><strong>Use um leitor para arquivo PDF que n\u00e3o altere a formata\u00e7\u00e3o original.<\/strong><\/em><\/h5>\t\t\t\t\t\t<\/div>\n\t\t\t\t<\/div>\n\t\t\t\t\t<\/div>\n\t\t<\/div>\n\t\t\t\t\t\t\t<\/div>\n\t\t<\/section>\n\t\t\t\t<section class=\"elementor-section elementor-top-section elementor-element elementor-element-b05b9d3 elementor-section-boxed elementor-section-height-default elementor-section-height-default\" data-id=\"b05b9d3\" data-element_type=\"section\">\n\t\t\t\t\t\t<div class=\"elementor-container elementor-column-gap-default\">\n\t\t\t\t\t<div class=\"elementor-column elementor-col-50 elementor-top-column elementor-element elementor-element-74ce51c\" data-id=\"74ce51c\" data-element_type=\"column\">\n\t\t\t<div class=\"elementor-widget-wrap elementor-element-populated\">\n\t\t\t\t\t\t\t\t<div class=\"elementor-element elementor-element-6d7031b elementor-widget elementor-widget-button\" data-id=\"6d7031b\" data-element_type=\"widget\" data-widget_type=\"button.default\">\n\t\t\t\t<div class=\"elementor-widget-container\">\n\t\t\t\t\t<div class=\"elementor-button-wrapper\">\n\t\t\t<a href=\"http:\/\/probatus.inf.br\/rev_pibr\/2022\/Revista_online_PROBATUS.INF.BR_v.1_n.1_set-out_2022.pdf\" target=\"_blank\" class=\"elementor-button-link elementor-button elementor-size-sm\" role=\"button\">\n\t\t\t\t\t\t<span class=\"elementor-button-content-wrapper\">\n\t\t\t\t\t\t\t<span class=\"elementor-button-icon elementor-align-icon-left\">\n\t\t\t\t<i aria-hidden=\"true\" class=\"fas fa-file-download\"><\/i>\t\t\t<\/span>\n\t\t\t\t\t\t<span class=\"elementor-button-text\">Download da edi\u00e7\u00e3o set.\/out. 2022<\/span>\n\t\t<\/span>\n\t\t\t\t\t<\/a>\n\t\t<\/div>\n\t\t\t\t<\/div>\n\t\t\t\t<\/div>\n\t\t\t\t\t<\/div>\n\t\t<\/div>\n\t\t\t\t<div class=\"elementor-column elementor-col-50 elementor-top-column elementor-element elementor-element-a92a8c4\" data-id=\"a92a8c4\" data-element_type=\"column\">\n\t\t\t<div class=\"elementor-widget-wrap elementor-element-populated\">\n\t\t\t\t\t\t\t\t<div class=\"elementor-element elementor-element-638c8e4 elementor-widget elementor-widget-text-editor\" data-id=\"638c8e4\" data-element_type=\"widget\" data-widget_type=\"text-editor.default\">\n\t\t\t\t<div class=\"elementor-widget-container\">\n\t\t\t\t\t\t\t<h5><em><strong>Revista online PROBATUS.INF.BR, v.1, n.1, set.\/out. 2022. ISSN 2965-0070<\/strong><\/em><\/h5>\t\t\t\t\t\t<\/div>\n\t\t\t\t<\/div>\n\t\t\t\t\t<\/div>\n\t\t<\/div>\n\t\t\t\t\t\t\t<\/div>\n\t\t<\/section>\n\t\t\t\t<section class=\"elementor-section elementor-top-section elementor-element elementor-element-8ab77b7 elementor-section-boxed elementor-section-height-default elementor-section-height-default\" data-id=\"8ab77b7\" data-element_type=\"section\">\n\t\t\t\t\t\t<div class=\"elementor-container elementor-column-gap-default\">\n\t\t\t\t\t<div class=\"elementor-column elementor-col-50 elementor-top-column elementor-element elementor-element-c9b35d2\" data-id=\"c9b35d2\" data-element_type=\"column\">\n\t\t\t<div class=\"elementor-widget-wrap elementor-element-populated\">\n\t\t\t\t\t\t\t\t<div class=\"elementor-element elementor-element-dced5dc elementor-widget elementor-widget-image\" data-id=\"dced5dc\" data-element_type=\"widget\" data-widget_type=\"image.default\">\n\t\t\t\t<div class=\"elementor-widget-container\">\n\t\t\t<style>\/*! elementor - v3.8.1 - 13-11-2022 *\/\n.elementor-widget-image{text-align:center}.elementor-widget-image a{display:inline-block}.elementor-widget-image a img[src$=\".svg\"]{width:48px}.elementor-widget-image img{vertical-align:middle;display:inline-block}<\/style>\t\t\t\t\t\t\t\t\t\t\t\t<img loading=\"lazy\" decoding=\"async\" width=\"502\" height=\"802\" src=\"http:\/\/probatus.inf.br\/wp-content\/uploads\/2022\/12\/CAPA_com_ISSN_vol-1_n-1_PROBATUS-INF-BR_2022-dez-08.jpg\" class=\"attachment-large size-large\" alt=\"\" srcset=\"http:\/\/probatus.inf.br\/wp-content\/uploads\/2022\/12\/CAPA_com_ISSN_vol-1_n-1_PROBATUS-INF-BR_2022-dez-08.jpg 502w, http:\/\/probatus.inf.br\/wp-content\/uploads\/2022\/12\/CAPA_com_ISSN_vol-1_n-1_PROBATUS-INF-BR_2022-dez-08-188x300.jpg 188w, http:\/\/probatus.inf.br\/wp-content\/uploads\/2022\/12\/CAPA_com_ISSN_vol-1_n-1_PROBATUS-INF-BR_2022-dez-08-230x367.jpg 230w, http:\/\/probatus.inf.br\/wp-content\/uploads\/2022\/12\/CAPA_com_ISSN_vol-1_n-1_PROBATUS-INF-BR_2022-dez-08-350x559.jpg 350w, http:\/\/probatus.inf.br\/wp-content\/uploads\/2022\/12\/CAPA_com_ISSN_vol-1_n-1_PROBATUS-INF-BR_2022-dez-08-480x767.jpg 480w\" sizes=\"auto, (max-width: 502px) 100vw, 502px\" \/>\t\t\t\t\t\t\t\t\t\t\t\t\t\t\t<\/div>\n\t\t\t\t<\/div>\n\t\t\t\t\t<\/div>\n\t\t<\/div>\n\t\t\t\t<div class=\"elementor-column elementor-col-50 elementor-top-column elementor-element elementor-element-237ce7b\" data-id=\"237ce7b\" data-element_type=\"column\">\n\t\t\t<div class=\"elementor-widget-wrap elementor-element-populated\">\n\t\t\t\t\t\t\t\t<div class=\"elementor-element elementor-element-dcefb40 elementor-widget elementor-widget-text-editor\" data-id=\"dcefb40\" data-element_type=\"widget\" data-widget_type=\"text-editor.default\">\n\t\t\t\t<div class=\"elementor-widget-container\">\n\t\t\t\t\t\t\t<p style=\"text-align: center;\"><em><span style=\"text-decoration: underline;\"><strong>EDITORIAL<\/strong><\/span><strong><br \/><\/strong><strong>COMENT\u00c1RIOS DESTA PRIMEIRA EDI\u00c7\u00c3O POR MARCELO HENRIQUES DE BRITO<\/strong><strong><br \/><\/strong><span style=\"text-decoration: underline;\"><strong>SE\u00c7\u00c3O: CUIDE DOS SEUS OR\u00c7AMENTOS, DE SEUS INVESTIMENTOS E DE SUAS EMPRESAS<\/strong><\/span><strong><br \/>CUIDE DE SUAS FINAN\u00c7AS \u2013 PARTE 1<br \/><\/strong><strong><span style=\"text-decoration: underline;\">SE\u00c7\u00c3O: COMUNIQUE E COMPARTILHE CONHECIMENTO, H\u00c1BITOS E INFORMA\u00c7\u00d5ES<\/span><\/strong><strong><br \/>EDUCAR PARA ESTABELECER TRANSA\u00c7\u00d5ES<br \/><\/strong><strong><span style=\"text-decoration: underline;\">SE\u00c7\u00c3O: INOVE PARA EMPREENDER<\/span><\/strong><strong><br \/>INTERESSE NO EMPREENDEDORISMO<br \/><\/strong><strong><span style=\"text-decoration: underline;\">SE\u00c7\u00c3O: RELACIONE-SE BEM EM UM MUNDO COM DIVERSIDADE<\/span><\/strong><strong><br \/>COMUNICA\u00c7\u00c3O E NEGOCIA\u00c7\u00c3O INTERNACIONAL<br \/><\/strong><strong><span style=\"text-decoration: underline;\">SE\u00c7\u00c3O: SEJA BEM-SUCEDIDO COMO EMPRES\u00c1RIO, EXECUTIVO E COLABORADOR<\/span><\/strong><strong><br \/>CONHECIMENTO E LIDERAN\u00c7A<br \/><\/strong><strong><span style=\"text-decoration: underline;\">SE\u00c7\u00c3O: VEJA IMAGENS QUE ESCLARECEM MAIS DO QUE PALAVRAS E TEXTOS<\/span><\/strong><strong><br \/>ESTRUTURA DE CLASSE DE ATIVOS &#8211; FRAMEWORK WITH ASSET CLASSES<br \/><\/strong><strong><span style=\"text-decoration: underline;\">SE\u00c7\u00c3O: INSPIRE-SE COM SUGEST\u00d5ES EM RESENHAS PARA LER LIVROS E VER FILME<\/span><\/strong><strong>S<br \/>A GRANDE APOSTA (\u201cTHE BIG SHORT\u201d) ESCRITO POR MICHAEL LEWIS E FILMADO POR ADAM MCKAY<br \/><\/strong><strong><span style=\"text-decoration: underline;\">SOBRE O OBJETIVO DA REVISTA PROBATUS.INF.BR E SUA LINHA EDITORIAL<\/span><\/strong><strong><br \/><\/strong><\/em><\/p>\t\t\t\t\t\t<\/div>\n\t\t\t\t<\/div>\n\t\t\t\t\t<\/div>\n\t\t<\/div>\n\t\t\t\t\t\t\t<\/div>\n\t\t<\/section>\n\t\t\t\t<section class=\"elementor-section elementor-top-section elementor-element elementor-element-b8ee590 elementor-section-boxed elementor-section-height-default elementor-section-height-default\" data-id=\"b8ee590\" data-element_type=\"section\">\n\t\t\t\t\t\t<div class=\"elementor-container elementor-column-gap-default\">\n\t\t\t\t\t<div class=\"elementor-column elementor-col-50 elementor-top-column elementor-element elementor-element-9365358\" data-id=\"9365358\" data-element_type=\"column\">\n\t\t\t<div class=\"elementor-widget-wrap elementor-element-populated\">\n\t\t\t\t\t\t\t\t<div class=\"elementor-element elementor-element-2f3ebeb elementor-widget elementor-widget-button\" data-id=\"2f3ebeb\" data-element_type=\"widget\" data-widget_type=\"button.default\">\n\t\t\t\t<div class=\"elementor-widget-container\">\n\t\t\t\t\t<div class=\"elementor-button-wrapper\">\n\t\t\t<a href=\"http:\/\/probatus.inf.br\/rev_pibr\/2022\/Revista_online_PROBATUS.INF.BR_v.1_n.2_nov-dez_2022.pdf\" target=\"_blank\" class=\"elementor-button-link elementor-button elementor-size-sm\" role=\"button\">\n\t\t\t\t\t\t<span class=\"elementor-button-content-wrapper\">\n\t\t\t\t\t\t\t<span class=\"elementor-button-icon elementor-align-icon-left\">\n\t\t\t\t<i aria-hidden=\"true\" class=\"fas fa-file-download\"><\/i>\t\t\t<\/span>\n\t\t\t\t\t\t<span class=\"elementor-button-text\">Download da edi\u00e7\u00e3o nov.\/dez. 2022<\/span>\n\t\t<\/span>\n\t\t\t\t\t<\/a>\n\t\t<\/div>\n\t\t\t\t<\/div>\n\t\t\t\t<\/div>\n\t\t\t\t\t<\/div>\n\t\t<\/div>\n\t\t\t\t<div class=\"elementor-column elementor-col-50 elementor-top-column elementor-element elementor-element-992ca77\" data-id=\"992ca77\" data-element_type=\"column\">\n\t\t\t<div class=\"elementor-widget-wrap elementor-element-populated\">\n\t\t\t\t\t\t\t\t<div class=\"elementor-element elementor-element-194c746 elementor-widget elementor-widget-text-editor\" data-id=\"194c746\" data-element_type=\"widget\" data-widget_type=\"text-editor.default\">\n\t\t\t\t<div class=\"elementor-widget-container\">\n\t\t\t\t\t\t\t<h5><em><strong>Revista online PROBATUS.INF.BR, v.1, n.2, nov.\/dez. 2022. ISSN 2965-0070<\/strong><\/em><\/h5>\t\t\t\t\t\t<\/div>\n\t\t\t\t<\/div>\n\t\t\t\t\t<\/div>\n\t\t<\/div>\n\t\t\t\t\t\t\t<\/div>\n\t\t<\/section>\n\t\t\t\t<section class=\"elementor-section elementor-top-section elementor-element elementor-element-2642a18 elementor-section-boxed elementor-section-height-default elementor-section-height-default\" data-id=\"2642a18\" data-element_type=\"section\">\n\t\t\t\t\t\t<div class=\"elementor-container elementor-column-gap-default\">\n\t\t\t\t\t<div class=\"elementor-column elementor-col-50 elementor-top-column elementor-element elementor-element-3dbca8d\" data-id=\"3dbca8d\" data-element_type=\"column\">\n\t\t\t<div class=\"elementor-widget-wrap elementor-element-populated\">\n\t\t\t\t\t\t\t\t<div class=\"elementor-element elementor-element-b4cb1ca elementor-widget elementor-widget-image\" data-id=\"b4cb1ca\" data-element_type=\"widget\" data-widget_type=\"image.default\">\n\t\t\t\t<div class=\"elementor-widget-container\">\n\t\t\t\t\t\t\t\t\t\t\t\t\t\t\t<img loading=\"lazy\" decoding=\"async\" width=\"636\" height=\"878\" src=\"http:\/\/probatus.inf.br\/wp-content\/uploads\/2023\/02\/Capa_PIBr_v1_n2_2022_Screen-Shot-01-31-23-at-10.40-PM.png\" class=\"attachment-large size-large\" alt=\"\" srcset=\"http:\/\/probatus.inf.br\/wp-content\/uploads\/2023\/02\/Capa_PIBr_v1_n2_2022_Screen-Shot-01-31-23-at-10.40-PM.png 636w, http:\/\/probatus.inf.br\/wp-content\/uploads\/2023\/02\/Capa_PIBr_v1_n2_2022_Screen-Shot-01-31-23-at-10.40-PM-217x300.png 217w, http:\/\/probatus.inf.br\/wp-content\/uploads\/2023\/02\/Capa_PIBr_v1_n2_2022_Screen-Shot-01-31-23-at-10.40-PM-230x318.png 230w, http:\/\/probatus.inf.br\/wp-content\/uploads\/2023\/02\/Capa_PIBr_v1_n2_2022_Screen-Shot-01-31-23-at-10.40-PM-350x483.png 350w, http:\/\/probatus.inf.br\/wp-content\/uploads\/2023\/02\/Capa_PIBr_v1_n2_2022_Screen-Shot-01-31-23-at-10.40-PM-480x663.png 480w\" sizes=\"auto, (max-width: 636px) 100vw, 636px\" \/>\t\t\t\t\t\t\t\t\t\t\t\t\t\t\t<\/div>\n\t\t\t\t<\/div>\n\t\t\t\t\t<\/div>\n\t\t<\/div>\n\t\t\t\t<div class=\"elementor-column elementor-col-50 elementor-top-column elementor-element elementor-element-463cfbd\" data-id=\"463cfbd\" data-element_type=\"column\">\n\t\t\t<div class=\"elementor-widget-wrap elementor-element-populated\">\n\t\t\t\t\t\t\t\t<div class=\"elementor-element elementor-element-e2a6606 elementor-widget elementor-widget-text-editor\" data-id=\"e2a6606\" data-element_type=\"widget\" data-widget_type=\"text-editor.default\">\n\t\t\t\t<div class=\"elementor-widget-container\">\n\t\t\t\t\t\t\t<p style=\"text-align: center;\"><em><span style=\"text-decoration: underline;\"><strong>EDITORIAL<\/strong><\/span><strong><br \/><\/strong><strong>COMENT\u00c1RIOS DESTA SEGUNDA EDI\u00c7\u00c3O POR MARCELO HENRIQUES DE BRITO<\/strong><strong><br \/><\/strong><span style=\"text-decoration: underline;\"><strong>SE\u00c7\u00c3O: CUIDE DOS SEUS OR\u00c7AMENTOS, DE SEUS INVESTIMENTOS E DE SUAS EMPRESAS<\/strong><\/span><strong><br \/>CUIDE DE SUAS FINAN\u00c7AS \u2013 PARTE 2<br \/><\/strong><strong><span style=\"text-decoration: underline;\">SE\u00c7\u00c3O: COMUNIQUE E COMPARTILHE CONHECIMENTO, H\u00c1BITOS E INFORMA\u00c7\u00d5ES<\/span><\/strong><strong><br \/>A IMPORT\u00c2NCIA DE CATIVAR E CRIAR LA\u00c7OS<br \/>FELIZES TROCAS NATALINAS<br \/><\/strong><strong><span style=\"text-decoration: underline;\">SE\u00c7\u00c3O: INOVE PARA EMPREENDER<\/span><\/strong><strong><br \/>AOS EMPREENDEDORES IMIGRANTES<br \/><\/strong><strong><span style=\"text-decoration: underline;\">SE\u00c7\u00c3O: RELACIONE-SE BEM EM UM MUNDO COM DIVERSIDADE<\/span><\/strong><strong><br \/>O SONHO DE ROBERT SCHUMAN PARA UMA EUROPA UNIDA<br \/>COMUNICA\u00c7\u00c3O E RELACIONAMENTO INTERNACIONAL<br \/><\/strong><strong><span style=\"text-decoration: underline;\">SE\u00c7\u00c3O: SEJA BEM-SUCEDIDO COMO EMPRES\u00c1RIO, EXECUTIVO E COLABORADOR<\/span><\/strong><strong><br \/>INTELIG\u00caNCIA ARTIFICIAL E O DILEMA DA EMPREGABILIDADE \u00c9TICA PARA VENCER<br \/><\/strong><strong><span style=\"text-decoration: underline;\">SE\u00c7\u00c3O: VEJA IMAGENS QUE ESCLARECEM MAIS DO QUE PALAVRAS E TEXTOS<\/span><\/strong><strong><br \/>ETAPAS DE CRISE &amp; PROSPERIDADE<br \/>CICLOS ECON\u00d4MICOS COM PROGRESSO SOCIAL<br \/><\/strong><strong><span style=\"text-decoration: underline;\">SE\u00c7\u00c3O: INSPIRE-SE COM SUGEST\u00d5ES EM RESENHAS PARA LER LIVROS E VER FILME<\/span><\/strong><strong>S<br \/>VIVER COM RISCO (\u201cAN ECONOMIST WALKS INTO A BROTHEL\u201d) DE ALLISON SCHRAGER<br \/>1899 \u2013 S\u00c9RIE DO NETFLIX<br \/><\/strong><strong><span style=\"text-decoration: underline;\">SOBRE O OBJETIVO DA REVISTA PROBATUS.INF.BR E SUA LINHA EDITORIAL<\/span><\/strong><strong><br \/><\/strong><\/em><\/p>\t\t\t\t\t\t<\/div>\n\t\t\t\t<\/div>\n\t\t\t\t\t<\/div>\n\t\t<\/div>\n\t\t\t\t\t\t\t<\/div>\n\t\t<\/section>\n\t\t\t\t\t\t\t<\/div>\n\t\t","protected":false},"excerpt":{"rendered":"<p>Edi\u00e7\u00f5es publicadas em 2022 Use um leitor para arquivo PDF que n\u00e3o altere a formata\u00e7\u00e3o original. Download da edi\u00e7\u00e3o set.\/out. 2022 Revista online PROBATUS.INF.BR, v.1, n.1, set.\/out. 2022. ISSN 2965-0070 EDITORIALCOMENT\u00c1RIOS DESTA PRIMEIRA EDI\u00c7\u00c3O POR MARCELO HENRIQUES DE BRITOSE\u00c7\u00c3O: CUIDE DOS SEUS OR\u00c7AMENTOS, DE SEUS INVESTIMENTOS E DE SUAS EMPRESASCUIDE DE SUAS FINAN\u00c7AS \u2013 PARTE &hellip;<\/p>\n<p class=\"read-more\"> <a class=\"\" href=\"http:\/\/probatus.inf.br\/?page_id=1152\"> <span class=\"screen-reader-text\">2022<\/span> Leia mais &raquo;<\/a><\/p>\n","protected":false},"author":1,"featured_media":0,"parent":0,"menu_order":0,"comment_status":"closed","ping_status":"closed","template":"","meta":{"site-sidebar-layout":"default","site-content-layout":"default","ast-global-header-display":"","ast-banner-title-visibility":"","ast-main-header-display":"","ast-hfb-above-header-display":"","ast-hfb-below-header-display":"","ast-hfb-mobile-header-display":"","site-post-title":"","ast-breadcrumbs-content":"","ast-featured-img":"","footer-sml-layout":"","theme-transparent-header-meta":"","adv-header-id-meta":"","stick-header-meta":"","header-above-stick-meta":"","header-main-stick-meta":"","header-below-stick-meta":"","footnotes":""},"class_list":["post-1152","page","type-page","status-publish","hentry"],"_links":{"self":[{"href":"http:\/\/probatus.inf.br\/index.php?rest_route=\/wp\/v2\/pages\/1152","targetHints":{"allow":["GET"]}}],"collection":[{"href":"http:\/\/probatus.inf.br\/index.php?rest_route=\/wp\/v2\/pages"}],"about":[{"href":"http:\/\/probatus.inf.br\/index.php?rest_route=\/wp\/v2\/types\/page"}],"author":[{"embeddable":true,"href":"http:\/\/probatus.inf.br\/index.php?rest_route=\/wp\/v2\/users\/1"}],"replies":[{"embeddable":true,"href":"http:\/\/probatus.inf.br\/index.php?rest_route=%2Fwp%2Fv2%2Fcomments&post=1152"}],"version-history":[{"count":46,"href":"http:\/\/probatus.inf.br\/index.php?rest_route=\/wp\/v2\/pages\/1152\/revisions"}],"predecessor-version":[{"id":1536,"href":"http:\/\/probatus.inf.br\/index.php?rest_route=\/wp\/v2\/pages\/1152\/revisions\/1536"}],"wp:attachment":[{"href":"http:\/\/probatus.inf.br\/index.php?rest_route=%2Fwp%2Fv2%2Fmedia&parent=1152"}],"curies":[{"name":"wp","href":"https:\/\/api.w.org\/{rel}","templated":true}]}}