{"id":1089,"date":"2022-11-18T21:43:38","date_gmt":"2022-11-19T00:43:38","guid":{"rendered":"http:\/\/probatus.inf.br\/?page_id=1089"},"modified":"2023-09-07T22:21:29","modified_gmt":"2023-09-08T01:21:29","slug":"home-2","status":"publish","type":"page","link":"http:\/\/probatus.inf.br\/","title":{"rendered":"In\u00edcio"},"content":{"rendered":"\t\t<div data-elementor-type=\"wp-page\" data-elementor-id=\"1089\" class=\"elementor elementor-1089\">\n\t\t\t\t\t\t\t\t\t<section class=\"elementor-section elementor-top-section elementor-element elementor-element-9b8b518 elementor-section-boxed elementor-section-height-default elementor-section-height-default\" data-id=\"9b8b518\" data-element_type=\"section\">\n\t\t\t\t\t\t<div class=\"elementor-container elementor-column-gap-default\">\n\t\t\t\t\t<div class=\"elementor-column elementor-col-100 elementor-top-column elementor-element elementor-element-3c0a8e6\" data-id=\"3c0a8e6\" data-element_type=\"column\">\n\t\t\t<div class=\"elementor-widget-wrap elementor-element-populated\">\n\t\t\t\t\t\t\t\t<div class=\"elementor-element elementor-element-0360ac3 elementor-widget elementor-widget-spacer\" data-id=\"0360ac3\" data-element_type=\"widget\" data-widget_type=\"spacer.default\">\n\t\t\t\t<div class=\"elementor-widget-container\">\n\t\t\t<style>\/*! elementor - v3.8.1 - 13-11-2022 *\/\n.elementor-column .elementor-spacer-inner{height:var(--spacer-size)}.e-con{--container-widget-width:100%}.e-con-inner>.elementor-widget-spacer,.e-con>.elementor-widget-spacer{width:var(--container-widget-width,var(--spacer-size));-ms-flex-item-align:stretch;align-self:stretch;-ms-flex-negative:0;flex-shrink:0}.e-con-inner>.elementor-widget-spacer>.elementor-widget-container,.e-con-inner>.elementor-widget-spacer>.elementor-widget-container>.elementor-spacer,.e-con>.elementor-widget-spacer>.elementor-widget-container,.e-con>.elementor-widget-spacer>.elementor-widget-container>.elementor-spacer{height:100%}.e-con-inner>.elementor-widget-spacer>.elementor-widget-container>.elementor-spacer>.elementor-spacer-inner,.e-con>.elementor-widget-spacer>.elementor-widget-container>.elementor-spacer>.elementor-spacer-inner{height:var(--container-widget-height,var(--spacer-size))}<\/style>\t\t<div class=\"elementor-spacer\">\n\t\t\t<div class=\"elementor-spacer-inner\"><\/div>\n\t\t<\/div>\n\t\t\t\t<\/div>\n\t\t\t\t<\/div>\n\t\t\t\t\t<\/div>\n\t\t<\/div>\n\t\t\t\t\t\t\t<\/div>\n\t\t<\/section>\n\t\t\t\t<section class=\"elementor-section elementor-top-section elementor-element elementor-element-57edeb7 elementor-section-boxed elementor-section-height-default elementor-section-height-default\" data-id=\"57edeb7\" data-element_type=\"section\">\n\t\t\t\t\t\t<div class=\"elementor-container elementor-column-gap-default\">\n\t\t\t\t\t<div class=\"elementor-column elementor-col-50 elementor-top-column elementor-element elementor-element-41172af\" data-id=\"41172af\" data-element_type=\"column\">\n\t\t\t<div class=\"elementor-widget-wrap elementor-element-populated\">\n\t\t\t\t\t\t\t\t<div class=\"elementor-element elementor-element-7c50320 elementor-widget elementor-widget-image\" data-id=\"7c50320\" data-element_type=\"widget\" data-widget_type=\"image.default\">\n\t\t\t\t<div class=\"elementor-widget-container\">\n\t\t\t<style>\/*! elementor - v3.8.1 - 13-11-2022 *\/\n.elementor-widget-image{text-align:center}.elementor-widget-image a{display:inline-block}.elementor-widget-image a img[src$=\".svg\"]{width:48px}.elementor-widget-image img{vertical-align:middle;display:inline-block}<\/style>\t\t\t\t\t\t\t\t\t\t\t\t<img loading=\"lazy\" decoding=\"async\" width=\"430\" height=\"684\" src=\"http:\/\/probatus.inf.br\/wp-content\/uploads\/2023\/09\/Capturar_Sumario_numero-5.jpg\" class=\"attachment-large size-large\" alt=\"\" srcset=\"http:\/\/probatus.inf.br\/wp-content\/uploads\/2023\/09\/Capturar_Sumario_numero-5.jpg 430w, http:\/\/probatus.inf.br\/wp-content\/uploads\/2023\/09\/Capturar_Sumario_numero-5-189x300.jpg 189w\" sizes=\"auto, (max-width: 430px) 100vw, 430px\" \/>\t\t\t\t\t\t\t\t\t\t\t\t\t\t\t<\/div>\n\t\t\t\t<\/div>\n\t\t\t\t\t<\/div>\n\t\t<\/div>\n\t\t\t\t<div class=\"elementor-column elementor-col-50 elementor-top-column elementor-element elementor-element-47953da\" data-id=\"47953da\" data-element_type=\"column\">\n\t\t\t<div class=\"elementor-widget-wrap elementor-element-populated\">\n\t\t\t\t\t\t\t\t<div class=\"elementor-element elementor-element-ac7b19d elementor-widget elementor-widget-text-editor\" data-id=\"ac7b19d\" data-element_type=\"widget\" data-widget_type=\"text-editor.default\">\n\t\t\t\t<div class=\"elementor-widget-container\">\n\t\t\t<style>\/*! elementor - v3.8.1 - 13-11-2022 *\/\n.elementor-widget-text-editor.elementor-drop-cap-view-stacked .elementor-drop-cap{background-color:#818a91;color:#fff}.elementor-widget-text-editor.elementor-drop-cap-view-framed .elementor-drop-cap{color:#818a91;border:3px solid;background-color:transparent}.elementor-widget-text-editor:not(.elementor-drop-cap-view-default) .elementor-drop-cap{margin-top:8px}.elementor-widget-text-editor:not(.elementor-drop-cap-view-default) .elementor-drop-cap-letter{width:1em;height:1em}.elementor-widget-text-editor .elementor-drop-cap{float:left;text-align:center;line-height:1;font-size:50px}.elementor-widget-text-editor .elementor-drop-cap-letter{display:inline-block}<\/style>\t\t\t\t<h4 style=\"text-align: center;\"><span style=\"text-decoration: underline;\"><em><strong>Revista online PROBATUS.INF.BR<\/strong><\/em><\/span><\/h4><h5 style=\"text-align: center;\"><em><strong>ISSN\u00a0 2965-0070<\/strong><\/em><\/h5>\t\t\t\t\t\t<\/div>\n\t\t\t\t<\/div>\n\t\t\t\t<section class=\"elementor-section elementor-inner-section elementor-element elementor-element-824ab4b elementor-section-boxed elementor-section-height-default elementor-section-height-default\" data-id=\"824ab4b\" data-element_type=\"section\">\n\t\t\t\t\t\t<div class=\"elementor-container elementor-column-gap-default\">\n\t\t\t\t\t<div class=\"elementor-column elementor-col-50 elementor-inner-column elementor-element elementor-element-4d11138\" data-id=\"4d11138\" data-element_type=\"column\">\n\t\t\t<div class=\"elementor-widget-wrap elementor-element-populated\">\n\t\t\t\t\t\t\t\t<div class=\"elementor-element elementor-element-ae0419c elementor-align-center elementor-widget elementor-widget-button\" data-id=\"ae0419c\" data-element_type=\"widget\" data-widget_type=\"button.default\">\n\t\t\t\t<div class=\"elementor-widget-container\">\n\t\t\t\t\t<div class=\"elementor-button-wrapper\">\n\t\t\t<a href=\"http:\/\/probatus.inf.br\/rev_pibr\/2023\/Revista_online_PROBATUS.INF.BR_v.2_n.5_mai-jun_2023.pdf\" target=\"_blank\" class=\"elementor-button-link elementor-button elementor-size-sm\" role=\"button\">\n\t\t\t\t\t\t<span class=\"elementor-button-content-wrapper\">\n\t\t\t\t\t\t\t<span class=\"elementor-button-icon elementor-align-icon-left\">\n\t\t\t\t<i aria-hidden=\"true\" class=\"fas fa-file-download\"><\/i>\t\t\t<\/span>\n\t\t\t\t\t\t<span class=\"elementor-button-text\">Download da edi\u00e7\u00e3o atual<\/span>\n\t\t<\/span>\n\t\t\t\t\t<\/a>\n\t\t<\/div>\n\t\t\t\t<\/div>\n\t\t\t\t<\/div>\n\t\t\t\t\t<\/div>\n\t\t<\/div>\n\t\t\t\t<div class=\"elementor-column elementor-col-50 elementor-inner-column elementor-element elementor-element-e88d63f\" data-id=\"e88d63f\" data-element_type=\"column\">\n\t\t\t<div class=\"elementor-widget-wrap elementor-element-populated\">\n\t\t\t\t\t\t\t\t<div class=\"elementor-element elementor-element-51e3994 elementor-widget elementor-widget-text-editor\" data-id=\"51e3994\" data-element_type=\"widget\" data-widget_type=\"text-editor.default\">\n\t\t\t\t<div class=\"elementor-widget-container\">\n\t\t\t\t\t\t\t<h4 style=\"text-align: center;\"><strong>v.2, n.5, mai.\/jun. 2023<\/strong><\/h4>\t\t\t\t\t\t<\/div>\n\t\t\t\t<\/div>\n\t\t\t\t\t<\/div>\n\t\t<\/div>\n\t\t\t\t\t\t\t<\/div>\n\t\t<\/section>\n\t\t\t\t<div class=\"elementor-element elementor-element-2c1d1af elementor-widget elementor-widget-text-editor\" data-id=\"2c1d1af\" data-element_type=\"widget\" data-widget_type=\"text-editor.default\">\n\t\t\t\t<div class=\"elementor-widget-container\">\n\t\t\t\t\t\t\t<p><em><strong>Use um leitor para arquivo PDF que n\u00e3o altere a formata\u00e7\u00e3o original.<\/strong><\/em><\/p><p style=\"text-align: center;\">A Revista online PROBATUS.INF.BR \u00e9 uma publica\u00e7\u00e3o bimestral disponibilizada online e gratuitamente.<\/p>\t\t\t\t\t\t<\/div>\n\t\t\t\t<\/div>\n\t\t\t\t<div class=\"elementor-element elementor-element-c2e5915 elementor-widget elementor-widget-text-editor\" data-id=\"c2e5915\" data-element_type=\"widget\" data-widget_type=\"text-editor.default\">\n\t\t\t\t<div class=\"elementor-widget-container\">\n\t\t\t\t\t\t\t<h4 style=\"text-align: center;\"><span style=\"text-decoration: underline;\"><strong>Conte\u00fado em cada edi\u00e7\u00e3o<\/strong><\/span><\/h4><ul><li><h5>Editorial<\/h5><\/li><li><h5>Se\u00e7\u00f5es (vide descri\u00e7\u00e3o abaixo das sete se\u00e7\u00f5es)<\/h5><\/li><li><h5>Objetivo e linha editorial da Revista online PROBATUS.INF.BR<\/h5><\/li><\/ul>\t\t\t\t\t\t<\/div>\n\t\t\t\t<\/div>\n\t\t\t\t<div class=\"elementor-element elementor-element-a12f39a elementor-widget elementor-widget-image\" data-id=\"a12f39a\" data-element_type=\"widget\" data-widget_type=\"image.default\">\n\t\t\t\t<div class=\"elementor-widget-container\">\n\t\t\t\t\t\t\t\t\t\t\t\t\t\t\t<img loading=\"lazy\" decoding=\"async\" width=\"1024\" height=\"560\" src=\"http:\/\/probatus.inf.br\/wp-content\/uploads\/2022\/12\/B2_Tabela-da-Apresentacao_Revista_Probatus.Inf_edicao_set-out-2022_status_2022-nov-18.doc-1024x560.jpg\" class=\"attachment-large size-large\" alt=\"\" srcset=\"http:\/\/probatus.inf.br\/wp-content\/uploads\/2022\/12\/B2_Tabela-da-Apresentacao_Revista_Probatus.Inf_edicao_set-out-2022_status_2022-nov-18.doc-1024x560.jpg 1024w, http:\/\/probatus.inf.br\/wp-content\/uploads\/2022\/12\/B2_Tabela-da-Apresentacao_Revista_Probatus.Inf_edicao_set-out-2022_status_2022-nov-18.doc-300x164.jpg 300w, http:\/\/probatus.inf.br\/wp-content\/uploads\/2022\/12\/B2_Tabela-da-Apresentacao_Revista_Probatus.Inf_edicao_set-out-2022_status_2022-nov-18.doc-768x420.jpg 768w, http:\/\/probatus.inf.br\/wp-content\/uploads\/2022\/12\/B2_Tabela-da-Apresentacao_Revista_Probatus.Inf_edicao_set-out-2022_status_2022-nov-18.doc-1000x546.jpg 1000w, http:\/\/probatus.inf.br\/wp-content\/uploads\/2022\/12\/B2_Tabela-da-Apresentacao_Revista_Probatus.Inf_edicao_set-out-2022_status_2022-nov-18.doc-230x126.jpg 230w, http:\/\/probatus.inf.br\/wp-content\/uploads\/2022\/12\/B2_Tabela-da-Apresentacao_Revista_Probatus.Inf_edicao_set-out-2022_status_2022-nov-18.doc-350x191.jpg 350w, http:\/\/probatus.inf.br\/wp-content\/uploads\/2022\/12\/B2_Tabela-da-Apresentacao_Revista_Probatus.Inf_edicao_set-out-2022_status_2022-nov-18.doc-480x262.jpg 480w, http:\/\/probatus.inf.br\/wp-content\/uploads\/2022\/12\/B2_Tabela-da-Apresentacao_Revista_Probatus.Inf_edicao_set-out-2022_status_2022-nov-18.doc.jpg 1455w\" sizes=\"auto, (max-width: 1024px) 100vw, 1024px\" \/>\t\t\t\t\t\t\t\t\t\t\t\t\t\t\t<\/div>\n\t\t\t\t<\/div>\n\t\t\t\t<div class=\"elementor-element elementor-element-b682b33 elementor-widget elementor-widget-text-editor\" data-id=\"b682b33\" data-element_type=\"widget\" data-widget_type=\"text-editor.default\">\n\t\t\t\t<div class=\"elementor-widget-container\">\n\t\t\t\t\t\t\t<h4 style=\"text-align: center;\"><strong>Veja mais informa\u00e7\u00f5es para submiss\u00e3o de artigos na aba <a href=\"http:\/\/probatus.inf.br\/?page_id=245\">Apresenta\u00e7\u00e3o<\/a>.<\/strong><\/h4>\t\t\t\t\t\t<\/div>\n\t\t\t\t<\/div>\n\t\t\t\t\t<\/div>\n\t\t<\/div>\n\t\t\t\t\t\t\t<\/div>\n\t\t<\/section>\n\t\t\t\t<section class=\"elementor-section elementor-top-section elementor-element elementor-element-fe03818 elementor-section-boxed elementor-section-height-default elementor-section-height-default\" data-id=\"fe03818\" data-element_type=\"section\">\n\t\t\t\t\t\t<div class=\"elementor-container elementor-column-gap-default\">\n\t\t\t\t\t<div class=\"elementor-column elementor-col-100 elementor-top-column elementor-element elementor-element-a8a138a\" data-id=\"a8a138a\" data-element_type=\"column\">\n\t\t\t<div class=\"elementor-widget-wrap elementor-element-populated\">\n\t\t\t\t\t\t\t\t<div class=\"elementor-element elementor-element-7b2f9bd elementor-widget elementor-widget-spacer\" data-id=\"7b2f9bd\" data-element_type=\"widget\" data-widget_type=\"spacer.default\">\n\t\t\t\t<div class=\"elementor-widget-container\">\n\t\t\t\t\t<div class=\"elementor-spacer\">\n\t\t\t<div class=\"elementor-spacer-inner\"><\/div>\n\t\t<\/div>\n\t\t\t\t<\/div>\n\t\t\t\t<\/div>\n\t\t\t\t\t<\/div>\n\t\t<\/div>\n\t\t\t\t\t\t\t<\/div>\n\t\t<\/section>\n\t\t\t\t\t\t\t<\/div>\n\t\t","protected":false},"excerpt":{"rendered":"<p>Revista online PROBATUS.INF.BR ISSN\u00a0 2965-0070 Download da edi\u00e7\u00e3o atual v.2, n.5, mai.\/jun. 2023 Use um leitor para arquivo PDF que n\u00e3o altere a formata\u00e7\u00e3o original. A Revista online PROBATUS.INF.BR \u00e9 uma publica\u00e7\u00e3o bimestral disponibilizada online e gratuitamente. Conte\u00fado em cada edi\u00e7\u00e3o Editorial Se\u00e7\u00f5es (vide descri\u00e7\u00e3o abaixo das sete se\u00e7\u00f5es) Objetivo e linha editorial da Revista &hellip;<\/p>\n<p class=\"read-more\"> <a class=\"\" href=\"http:\/\/probatus.inf.br\/\"> <span class=\"screen-reader-text\">In\u00edcio<\/span> Leia mais &raquo;<\/a><\/p>\n","protected":false},"author":1,"featured_media":0,"parent":0,"menu_order":0,"comment_status":"closed","ping_status":"closed","template":"","meta":{"site-sidebar-layout":"no-sidebar","site-content-layout":"page-builder","ast-global-header-display":"","ast-banner-title-visibility":"","ast-main-header-display":"","ast-hfb-above-header-display":"","ast-hfb-below-header-display":"","ast-hfb-mobile-header-display":"","site-post-title":"disabled","ast-breadcrumbs-content":"","ast-featured-img":"disabled","footer-sml-layout":"","theme-transparent-header-meta":"","adv-header-id-meta":"","stick-header-meta":"","header-above-stick-meta":"","header-main-stick-meta":"","header-below-stick-meta":"","footnotes":""},"class_list":["post-1089","page","type-page","status-publish","hentry"],"_links":{"self":[{"href":"http:\/\/probatus.inf.br\/index.php?rest_route=\/wp\/v2\/pages\/1089","targetHints":{"allow":["GET"]}}],"collection":[{"href":"http:\/\/probatus.inf.br\/index.php?rest_route=\/wp\/v2\/pages"}],"about":[{"href":"http:\/\/probatus.inf.br\/index.php?rest_route=\/wp\/v2\/types\/page"}],"author":[{"embeddable":true,"href":"http:\/\/probatus.inf.br\/index.php?rest_route=\/wp\/v2\/users\/1"}],"replies":[{"embeddable":true,"href":"http:\/\/probatus.inf.br\/index.php?rest_route=%2Fwp%2Fv2%2Fcomments&post=1089"}],"version-history":[{"count":73,"href":"http:\/\/probatus.inf.br\/index.php?rest_route=\/wp\/v2\/pages\/1089\/revisions"}],"predecessor-version":[{"id":1618,"href":"http:\/\/probatus.inf.br\/index.php?rest_route=\/wp\/v2\/pages\/1089\/revisions\/1618"}],"wp:attachment":[{"href":"http:\/\/probatus.inf.br\/index.php?rest_route=%2Fwp%2Fv2%2Fmedia&parent=1089"}],"curies":[{"name":"wp","href":"https:\/\/api.w.org\/{rel}","templated":true}]}}